{"id":1555,"date":"2024-03-31T17:30:41","date_gmt":"2024-03-31T17:30:41","guid":{"rendered":"https:\/\/casadolivreiro.pt\/?post_type=product&#038;p=1555"},"modified":"2024-03-31T17:30:41","modified_gmt":"2024-03-31T17:30:41","slug":"obras-completas-de-cruz-e-souza-vol-2-prosa-missal-evocacoes-com-anotacoes-de-nestor-victor","status":"publish","type":"product","link":"https:\/\/casadolivreiro.pt\/index.php\/product\/obras-completas-de-cruz-e-souza-vol-2-prosa-missal-evocacoes-com-anotacoes-de-nestor-victor\/","title":{"rendered":"OBRAS COMPLETAS DE CRUZ E SOUZA, Vol.2, PROSA \u2013 MISSAL, EVOCA\u00c7\u00d5ES &#8211; Com anota\u00e7\u00f5es de Nestor Victor"},"content":{"rendered":"<p>OBRAS COMPLETAS DE CRUZ E SOUZA, Vol.2, PROSA \u2013 MISSAL, EVOCA\u00c7\u00d5ES<br \/>\nCom anota\u00e7\u00f5es de Nestor Victor<br \/>\nAno de edi\u00e7\u00e3o: 1924<br \/>\nEditor: Annuario do Brasil, Rio de Janeiro<br \/>\nIdioma: Portugu\u00eas<br \/>\nDimens\u00f5es: 12 x 3 \u00a0x 18 cm<br \/>\nEncaderna\u00e7\u00e3o: Capa mole<br \/>\nP\u00e1ginas: 452<\/p>\n","protected":false},"excerpt":{"rendered":"<p>OBRAS COMPLETAS DE CRUZ E SOUZA, Vol.2, PROSA \u2013 MISSAL, EVOCA\u00c7\u00d5ES Com anota\u00e7\u00f5es de Nestor Victor Ano de edi\u00e7\u00e3o: 1924 Editor: Annuario do Brasil, Rio de Janeiro Idioma: Portugu\u00eas Dimens\u00f5es: 12 x 3 \u00a0x 18 cm Encaderna\u00e7\u00e3o: Capa mole P\u00e1ginas: 452<\/p>\n","protected":false},"featured_media":1556,"comment_status":"open","ping_status":"closed","template":"","meta":{"om_disable_all_campaigns":false,"_monsterinsights_skip_tracking":false,"_monsterinsights_sitenote_active":false,"_monsterinsights_sitenote_note":"","_monsterinsights_sitenote_category":0,"_uf_show_specific_survey":0,"_uf_disable_surveys":false},"product_cat":[25,59],"product_tag":[],"aioseo_notices":[],"jetpack_sharing_enabled":true,"_links":{"self":[{"href":"https:\/\/casadolivreiro.pt\/index.php\/wp-json\/wp\/v2\/product\/1555"}],"collection":[{"href":"https:\/\/casadolivreiro.pt\/index.php\/wp-json\/wp\/v2\/product"}],"about":[{"href":"https:\/\/casadolivreiro.pt\/index.php\/wp-json\/wp\/v2\/types\/product"}],"replies":[{"embeddable":true,"href":"https:\/\/casadolivreiro.pt\/index.php\/wp-json\/wp\/v2\/comments?post=1555"}],"wp:featuredmedia":[{"embeddable":true,"href":"https:\/\/casadolivreiro.pt\/index.php\/wp-json\/wp\/v2\/media\/1556"}],"wp:attachment":[{"href":"https:\/\/casadolivreiro.pt\/index.php\/wp-json\/wp\/v2\/media?parent=1555"}],"wp:term":[{"taxonomy":"product_cat","embeddable":true,"href":"https:\/\/casadolivreiro.pt\/index.php\/wp-json\/wp\/v2\/product_cat?post=1555"},{"taxonomy":"product_tag","embeddable":true,"href":"https:\/\/casadolivreiro.pt\/index.php\/wp-json\/wp\/v2\/product_tag?post=1555"}],"curies":[{"name":"wp","href":"https:\/\/api.w.org\/{rel}","templated":true}]}}