{"id":1550,"date":"2024-03-31T17:18:07","date_gmt":"2024-03-31T17:18:07","guid":{"rendered":"https:\/\/casadolivreiro.pt\/?post_type=product&#038;p=1550"},"modified":"2024-03-31T17:18:07","modified_gmt":"2024-03-31T17:18:07","slug":"a-sociedade-medieval-portuguesa-aspectos-de-vida-quotidiana-a-h-de-oliveira-marques","status":"publish","type":"product","link":"https:\/\/casadolivreiro.pt\/index.php\/product\/a-sociedade-medieval-portuguesa-aspectos-de-vida-quotidiana-a-h-de-oliveira-marques\/","title":{"rendered":"A SOCIEDADE MEDIEVAL PORTUGUESA: Aspectos de vida quotidiana &#8211; A.H. de Oliveira Marques"},"content":{"rendered":"<p>A SOCIEDADE MEDIEVAL PORTUGUESA: Aspectos de vida quotidiana<br \/>\nA.H. de Oliveira Marques<br \/>\nAno de edi\u00e7\u00e3o: 1974 (3.a edi\u00e7\u00e3o)<br \/>\nEditor: Livraria S\u00e1 de Costa Editora, Lisboa<br \/>\nIdioma: Portugu\u00eas<br \/>\nDimens\u00f5es: 15 x 2.2 x 22 cm<br \/>\nEncaderna\u00e7\u00e3o: Capa mole<br \/>\nP\u00e1ginas: 296<\/p>\n","protected":false},"excerpt":{"rendered":"<p>A SOCIEDADE MEDIEVAL PORTUGUESA: Aspectos de vida quotidiana A.H. de Oliveira Marques Ano de edi\u00e7\u00e3o: 1974 (3.a edi\u00e7\u00e3o) Editor: Livraria S\u00e1 de Costa Editora, Lisboa Idioma: Portugu\u00eas Dimens\u00f5es: 15 x 2.2 x 22 cm Encaderna\u00e7\u00e3o: Capa mole P\u00e1ginas: 296<\/p>\n","protected":false},"featured_media":1551,"comment_status":"open","ping_status":"closed","template":"","meta":{"om_disable_all_campaigns":false,"_monsterinsights_skip_tracking":false,"_monsterinsights_sitenote_active":false,"_monsterinsights_sitenote_note":"","_monsterinsights_sitenote_category":0,"_uf_show_specific_survey":0,"_uf_disable_surveys":false},"product_cat":[47,30],"product_tag":[],"aioseo_notices":[],"jetpack_sharing_enabled":true,"_links":{"self":[{"href":"https:\/\/casadolivreiro.pt\/index.php\/wp-json\/wp\/v2\/product\/1550"}],"collection":[{"href":"https:\/\/casadolivreiro.pt\/index.php\/wp-json\/wp\/v2\/product"}],"about":[{"href":"https:\/\/casadolivreiro.pt\/index.php\/wp-json\/wp\/v2\/types\/product"}],"replies":[{"embeddable":true,"href":"https:\/\/casadolivreiro.pt\/index.php\/wp-json\/wp\/v2\/comments?post=1550"}],"wp:featuredmedia":[{"embeddable":true,"href":"https:\/\/casadolivreiro.pt\/index.php\/wp-json\/wp\/v2\/media\/1551"}],"wp:attachment":[{"href":"https:\/\/casadolivreiro.pt\/index.php\/wp-json\/wp\/v2\/media?parent=1550"}],"wp:term":[{"taxonomy":"product_cat","embeddable":true,"href":"https:\/\/casadolivreiro.pt\/index.php\/wp-json\/wp\/v2\/product_cat?post=1550"},{"taxonomy":"product_tag","embeddable":true,"href":"https:\/\/casadolivreiro.pt\/index.php\/wp-json\/wp\/v2\/product_tag?post=1550"}],"curies":[{"name":"wp","href":"https:\/\/api.w.org\/{rel}","templated":true}]}}