{"id":1546,"date":"2024-03-31T17:11:30","date_gmt":"2024-03-31T17:11:30","guid":{"rendered":"https:\/\/casadolivreiro.pt\/?post_type=product&#038;p=1546"},"modified":"2024-03-31T17:11:30","modified_gmt":"2024-03-31T17:11:30","slug":"dizer-amar-vasco-miranda-prefacio-vergilio-ferrreira","status":"publish","type":"product","link":"https:\/\/casadolivreiro.pt\/index.php\/product\/dizer-amar-vasco-miranda-prefacio-vergilio-ferrreira\/","title":{"rendered":"DIZER, AMAR &#8211; Vasco Miranda, Pref\u00e1cio: Verg\u00edlio Ferrreira"},"content":{"rendered":"<p>DIZER, AMAR<br \/>\nVasco Miranda, Pref\u00e1cio: Verg\u00edlio Ferrreira<br \/>\nColec\u00e7\u00e3o Poetas de Hoje No. 37<br \/>\nAno de edi\u00e7\u00e3o: 1971<br \/>\nEditor: Portug\u00e1lia Editora, Lisboa<br \/>\nIdioma: Portugu\u00eas<br \/>\nDimens\u00f5es: 14 x 1.7 x 20cm<br \/>\nEncaderna\u00e7\u00e3o: Capa mole<br \/>\nP\u00e1ginas: 282<\/p>\n","protected":false},"excerpt":{"rendered":"<p>DIZER, AMAR Vasco Miranda, Pref\u00e1cio: Verg\u00edlio Ferrreira Colec\u00e7\u00e3o Poetas de Hoje No. 37 Ano de edi\u00e7\u00e3o: 1971 Editor: Portug\u00e1lia Editora, Lisboa Idioma: Portugu\u00eas Dimens\u00f5es: 14 x 1.7 x 20cm Encaderna\u00e7\u00e3o: Capa mole P\u00e1ginas: 282<\/p>\n","protected":false},"featured_media":1547,"comment_status":"open","ping_status":"closed","template":"","meta":{"om_disable_all_campaigns":false,"_monsterinsights_skip_tracking":false,"_monsterinsights_sitenote_active":false,"_monsterinsights_sitenote_note":"","_monsterinsights_sitenote_category":0,"_uf_show_specific_survey":0,"_uf_disable_surveys":false},"product_cat":[59,27],"product_tag":[],"aioseo_notices":[],"jetpack_sharing_enabled":true,"_links":{"self":[{"href":"https:\/\/casadolivreiro.pt\/index.php\/wp-json\/wp\/v2\/product\/1546"}],"collection":[{"href":"https:\/\/casadolivreiro.pt\/index.php\/wp-json\/wp\/v2\/product"}],"about":[{"href":"https:\/\/casadolivreiro.pt\/index.php\/wp-json\/wp\/v2\/types\/product"}],"replies":[{"embeddable":true,"href":"https:\/\/casadolivreiro.pt\/index.php\/wp-json\/wp\/v2\/comments?post=1546"}],"wp:featuredmedia":[{"embeddable":true,"href":"https:\/\/casadolivreiro.pt\/index.php\/wp-json\/wp\/v2\/media\/1547"}],"wp:attachment":[{"href":"https:\/\/casadolivreiro.pt\/index.php\/wp-json\/wp\/v2\/media?parent=1546"}],"wp:term":[{"taxonomy":"product_cat","embeddable":true,"href":"https:\/\/casadolivreiro.pt\/index.php\/wp-json\/wp\/v2\/product_cat?post=1546"},{"taxonomy":"product_tag","embeddable":true,"href":"https:\/\/casadolivreiro.pt\/index.php\/wp-json\/wp\/v2\/product_tag?post=1546"}],"curies":[{"name":"wp","href":"https:\/\/api.w.org\/{rel}","templated":true}]}}