{"id":1544,"date":"2024-03-31T17:06:31","date_gmt":"2024-03-31T17:06:31","guid":{"rendered":"https:\/\/casadolivreiro.pt\/?post_type=product&#038;p=1544"},"modified":"2024-03-31T17:06:31","modified_gmt":"2024-03-31T17:06:31","slug":"o-processo-dos-templarios-a-vieira-dareia-coleccao-enigmas-da-historia-no-1","status":"publish","type":"product","link":"https:\/\/casadolivreiro.pt\/index.php\/product\/o-processo-dos-templarios-a-vieira-dareia-coleccao-enigmas-da-historia-no-1\/","title":{"rendered":"O PROCESSO DOS TEMPL\u00c1RIOS &#8211; A. Vieira D\u2019Areia,  Colec\u00e7\u00e3o Enigmas da Hist\u00f3ria No. 1"},"content":{"rendered":"<p>O PROCESSO DOS TEMPL\u00c1RIOS<br \/>\nA. Vieira D\u2019Areia<br \/>\nColec\u00e7\u00e3o Enigmas da Hist\u00f3ria No. 1<br \/>\nAno de edi\u00e7\u00e3o: 194?<br \/>\nEditor: Livraria Civiliza\u00e7\u00e3o \u2013 Editora, Lisboa<br \/>\nIdioma: Portugu\u00eas<br \/>\nDimens\u00f5es: 12.5 x 1 x 19.2cm<br \/>\nEncaderna\u00e7\u00e3o: Capa mole<br \/>\nP\u00e1ginas: 158<\/p>\n<p>Obra de divulga\u00e7\u00e3o hist\u00f3rica subordinada ao estudo do obscuro Processo dos Templ\u00e1rios, relacionando-o com a esfera governativa de Filipe IV de Fran\u00e7a, o Belo, e com as convuls\u00f5es sociais e religiosas que assolavam a Europa \u00e1 \u00e9poca. Descreve sucintamente a presen\u00e7a desta ordem em Portugal, a natureza da sua extin\u00e7\u00e3o e rela\u00e7\u00f5es com a franco-ma\u00e7onaria.<\/p>\n<p>Cont\u00e9m apensas v\u00e1rias notas e transcri\u00e7\u00f5es de documentos, seguidas da bibliografia essencial para o estudo do tema.<\/p>\n<p>&nbsp;<\/p>\n","protected":false},"excerpt":{"rendered":"<p>O PROCESSO DOS TEMPL\u00c1RIOS A. Vieira D\u2019Areia Colec\u00e7\u00e3o Enigmas da Hist\u00f3ria No. 1 Ano de edi\u00e7\u00e3o: 194? Editor: Livraria Civiliza\u00e7\u00e3o \u2013 Editora, Lisboa Idioma: Portugu\u00eas Dimens\u00f5es: 12.5 x 1 x 19.2cm Encaderna\u00e7\u00e3o: Capa mole P\u00e1ginas: 158 Obra de divulga\u00e7\u00e3o hist\u00f3rica subordinada ao estudo do obscuro Processo dos Templ\u00e1rios, relacionando-o com a esfera governativa de Filipe [&hellip;]<\/p>\n","protected":false},"featured_media":1545,"comment_status":"open","ping_status":"closed","template":"","meta":{"om_disable_all_campaigns":false,"_monsterinsights_skip_tracking":false,"_monsterinsights_sitenote_active":false,"_monsterinsights_sitenote_note":"","_monsterinsights_sitenote_category":0,"_uf_show_specific_survey":0,"_uf_disable_surveys":false},"product_cat":[33,30],"product_tag":[],"aioseo_notices":[],"jetpack_sharing_enabled":true,"_links":{"self":[{"href":"https:\/\/casadolivreiro.pt\/index.php\/wp-json\/wp\/v2\/product\/1544"}],"collection":[{"href":"https:\/\/casadolivreiro.pt\/index.php\/wp-json\/wp\/v2\/product"}],"about":[{"href":"https:\/\/casadolivreiro.pt\/index.php\/wp-json\/wp\/v2\/types\/product"}],"replies":[{"embeddable":true,"href":"https:\/\/casadolivreiro.pt\/index.php\/wp-json\/wp\/v2\/comments?post=1544"}],"wp:featuredmedia":[{"embeddable":true,"href":"https:\/\/casadolivreiro.pt\/index.php\/wp-json\/wp\/v2\/media\/1545"}],"wp:attachment":[{"href":"https:\/\/casadolivreiro.pt\/index.php\/wp-json\/wp\/v2\/media?parent=1544"}],"wp:term":[{"taxonomy":"product_cat","embeddable":true,"href":"https:\/\/casadolivreiro.pt\/index.php\/wp-json\/wp\/v2\/product_cat?post=1544"},{"taxonomy":"product_tag","embeddable":true,"href":"https:\/\/casadolivreiro.pt\/index.php\/wp-json\/wp\/v2\/product_tag?post=1544"}],"curies":[{"name":"wp","href":"https:\/\/api.w.org\/{rel}","templated":true}]}}