{"id":1541,"date":"2024-03-29T12:43:00","date_gmt":"2024-03-29T12:43:00","guid":{"rendered":"https:\/\/casadolivreiro.pt\/?post_type=product&#038;p=1541"},"modified":"2024-03-31T16:58:13","modified_gmt":"2024-03-31T16:58:13","slug":"aco-de-tres-gumes-contos-jorge-ferreira-da-silva","status":"publish","type":"product","link":"https:\/\/casadolivreiro.pt\/index.php\/product\/aco-de-tres-gumes-contos-jorge-ferreira-da-silva\/","title":{"rendered":"A\u00c7O DE TR\u00caS GUMES, CONTOS &#8211; Jorge Ferreira da Silva"},"content":{"rendered":"<p>A\u00c7O DE TR\u00caS GUMES, CONTOS<br \/>\nJorge Ferreira da Silva<br \/>\nAno de edi\u00e7\u00e3o: 1956\u00a0 (Primeira edi\u00e7\u00e3o)<br \/>\nEditor: Maralto, Lisboa<br \/>\nIdioma: Portugu\u00eas<br \/>\nDimens\u00f5es: 13.4cm x 1.7cm x 19.2cm<br \/>\nEncaderna\u00e7\u00e3o: Capa mole<br \/>\nP\u00e1ginas: 210<\/p>\n","protected":false},"excerpt":{"rendered":"<p>A\u00c7O DE TR\u00caS GUMES, CONTOS Jorge Ferreira da Silva Ano de edi\u00e7\u00e3o: 1956\u00a0 (Primeira edi\u00e7\u00e3o) Editor: Maralto, Lisboa Idioma: Portugu\u00eas Dimens\u00f5es: 13.4cm x 1.7cm x 19.2cm Encaderna\u00e7\u00e3o: Capa mole P\u00e1ginas: 210<\/p>\n","protected":false},"featured_media":1543,"comment_status":"open","ping_status":"closed","template":"","meta":{"om_disable_all_campaigns":false,"_monsterinsights_skip_tracking":false,"_monsterinsights_sitenote_active":false,"_monsterinsights_sitenote_note":"","_monsterinsights_sitenote_category":0,"_uf_show_specific_survey":0,"_uf_disable_surveys":false},"product_cat":[25,59,61],"product_tag":[],"aioseo_notices":[],"jetpack_sharing_enabled":true,"_links":{"self":[{"href":"https:\/\/casadolivreiro.pt\/index.php\/wp-json\/wp\/v2\/product\/1541"}],"collection":[{"href":"https:\/\/casadolivreiro.pt\/index.php\/wp-json\/wp\/v2\/product"}],"about":[{"href":"https:\/\/casadolivreiro.pt\/index.php\/wp-json\/wp\/v2\/types\/product"}],"replies":[{"embeddable":true,"href":"https:\/\/casadolivreiro.pt\/index.php\/wp-json\/wp\/v2\/comments?post=1541"}],"wp:featuredmedia":[{"embeddable":true,"href":"https:\/\/casadolivreiro.pt\/index.php\/wp-json\/wp\/v2\/media\/1543"}],"wp:attachment":[{"href":"https:\/\/casadolivreiro.pt\/index.php\/wp-json\/wp\/v2\/media?parent=1541"}],"wp:term":[{"taxonomy":"product_cat","embeddable":true,"href":"https:\/\/casadolivreiro.pt\/index.php\/wp-json\/wp\/v2\/product_cat?post=1541"},{"taxonomy":"product_tag","embeddable":true,"href":"https:\/\/casadolivreiro.pt\/index.php\/wp-json\/wp\/v2\/product_tag?post=1541"}],"curies":[{"name":"wp","href":"https:\/\/api.w.org\/{rel}","templated":true}]}}