{"id":1531,"date":"2024-03-28T22:49:28","date_gmt":"2024-03-28T22:49:28","guid":{"rendered":"https:\/\/casadolivreiro.pt\/?post_type=product&#038;p=1531"},"modified":"2024-03-28T22:49:29","modified_gmt":"2024-03-28T22:49:29","slug":"planeta-azul-costas-e-oceanos-direcao-geral-santiago-carroggio-prologo-jean-michel-cousteau-introducao-thor-heyerdahl","status":"publish","type":"product","link":"https:\/\/casadolivreiro.pt\/index.php\/product\/planeta-azul-costas-e-oceanos-direcao-geral-santiago-carroggio-prologo-jean-michel-cousteau-introducao-thor-heyerdahl\/","title":{"rendered":"PLANETA AZUL: COSTAS E OCEANOS &#8211; Dire\u00e7\u00e3o geral: Santiago Carroggio, Pr\u00f3logo: Jean-Michel Cousteau, Introdu\u00e7\u00e3o: Thor Heyerdahl"},"content":{"rendered":"<p>PLANETA AZUL: COSTAS E OCEANOS<br \/>\nDire\u00e7\u00e3o geral: Santiago Carroggio, Pr\u00f3logo: Jean-Michel Cousteau, Introdu\u00e7\u00e3o: Thor Heyerdahl<br \/>\nISBN: 978-972-719-496-4<br \/>\nAno de edi\u00e7\u00e3o: 2013<br \/>\nEditor: Ediclube. Lisboa<br \/>\nIdioma: Portugu\u00eas<br \/>\nDimens\u00f5es: 23.5 x 1.8 x 28.5 cm<br \/>\nEncaderna\u00e7\u00e3o: Capa dura<br \/>\nP\u00e1ginas: 192<\/p>\n","protected":false},"excerpt":{"rendered":"<p>PLANETA AZUL: COSTAS E OCEANOS Dire\u00e7\u00e3o geral: Santiago Carroggio, Pr\u00f3logo: Jean-Michel Cousteau, Introdu\u00e7\u00e3o: Thor Heyerdahl ISBN: 978-972-719-496-4 Ano de edi\u00e7\u00e3o: 2013 Editor: Ediclube. Lisboa Idioma: Portugu\u00eas Dimens\u00f5es: 23.5 x 1.8 x 28.5 cm Encaderna\u00e7\u00e3o: Capa dura P\u00e1ginas: 192<\/p>\n","protected":false},"featured_media":1529,"comment_status":"open","ping_status":"closed","template":"","meta":{"om_disable_all_campaigns":false,"_monsterinsights_skip_tracking":false,"_monsterinsights_sitenote_active":false,"_monsterinsights_sitenote_note":"","_monsterinsights_sitenote_category":0,"_uf_show_specific_survey":0,"_uf_disable_surveys":false},"product_cat":[46,50],"product_tag":[],"aioseo_notices":[],"jetpack_sharing_enabled":true,"_links":{"self":[{"href":"https:\/\/casadolivreiro.pt\/index.php\/wp-json\/wp\/v2\/product\/1531"}],"collection":[{"href":"https:\/\/casadolivreiro.pt\/index.php\/wp-json\/wp\/v2\/product"}],"about":[{"href":"https:\/\/casadolivreiro.pt\/index.php\/wp-json\/wp\/v2\/types\/product"}],"replies":[{"embeddable":true,"href":"https:\/\/casadolivreiro.pt\/index.php\/wp-json\/wp\/v2\/comments?post=1531"}],"wp:featuredmedia":[{"embeddable":true,"href":"https:\/\/casadolivreiro.pt\/index.php\/wp-json\/wp\/v2\/media\/1529"}],"wp:attachment":[{"href":"https:\/\/casadolivreiro.pt\/index.php\/wp-json\/wp\/v2\/media?parent=1531"}],"wp:term":[{"taxonomy":"product_cat","embeddable":true,"href":"https:\/\/casadolivreiro.pt\/index.php\/wp-json\/wp\/v2\/product_cat?post=1531"},{"taxonomy":"product_tag","embeddable":true,"href":"https:\/\/casadolivreiro.pt\/index.php\/wp-json\/wp\/v2\/product_tag?post=1531"}],"curies":[{"name":"wp","href":"https:\/\/api.w.org\/{rel}","templated":true}]}}