{"id":1526,"date":"2024-03-28T22:38:48","date_gmt":"2024-03-28T22:38:48","guid":{"rendered":"https:\/\/casadolivreiro.pt\/?post_type=product&#038;p=1526"},"modified":"2024-03-28T22:38:48","modified_gmt":"2024-03-28T22:38:48","slug":"a-agua-recurso-imprescindivel-para-a-vida","status":"publish","type":"product","link":"https:\/\/casadolivreiro.pt\/index.php\/product\/a-agua-recurso-imprescindivel-para-a-vida\/","title":{"rendered":"A \u00c1GUA: RECURSO IMPRESCIND\u00cdVEL PARA A VIDA"},"content":{"rendered":"<p>A \u00c1GUA: RECURSO IMPRESCIND\u00cdVEL PARA A VIDA<br \/>\nISBN: 978-84-8369-073-4<br \/>\nAno de edi\u00e7\u00e3o: 2008<br \/>\nEditor: Edi\u00e7\u00f5es Aupper, S.L.<br \/>\nIdioma: Portugu\u00eas<br \/>\nDimens\u00f5es: 20 x 2 x 27.5 cm<br \/>\nEncaderna\u00e7\u00e3o: Capa dura<br \/>\nP\u00e1ginas: 248<\/p>\n","protected":false},"excerpt":{"rendered":"<p>A \u00c1GUA: RECURSO IMPRESCIND\u00cdVEL PARA A VIDA ISBN: 978-84-8369-073-4 Ano de edi\u00e7\u00e3o: 2008 Editor: Edi\u00e7\u00f5es Aupper, S.L. Idioma: Portugu\u00eas Dimens\u00f5es: 20 x 2 x 27.5 cm Encaderna\u00e7\u00e3o: Capa dura P\u00e1ginas: 248<\/p>\n","protected":false},"featured_media":1527,"comment_status":"open","ping_status":"closed","template":"","meta":{"om_disable_all_campaigns":false,"_monsterinsights_skip_tracking":false,"_monsterinsights_sitenote_active":false,"_monsterinsights_sitenote_note":"","_monsterinsights_sitenote_category":0,"_uf_show_specific_survey":0,"_uf_disable_surveys":false},"product_cat":[32,46,50],"product_tag":[],"aioseo_notices":[],"jetpack_sharing_enabled":true,"_links":{"self":[{"href":"https:\/\/casadolivreiro.pt\/index.php\/wp-json\/wp\/v2\/product\/1526"}],"collection":[{"href":"https:\/\/casadolivreiro.pt\/index.php\/wp-json\/wp\/v2\/product"}],"about":[{"href":"https:\/\/casadolivreiro.pt\/index.php\/wp-json\/wp\/v2\/types\/product"}],"replies":[{"embeddable":true,"href":"https:\/\/casadolivreiro.pt\/index.php\/wp-json\/wp\/v2\/comments?post=1526"}],"wp:featuredmedia":[{"embeddable":true,"href":"https:\/\/casadolivreiro.pt\/index.php\/wp-json\/wp\/v2\/media\/1527"}],"wp:attachment":[{"href":"https:\/\/casadolivreiro.pt\/index.php\/wp-json\/wp\/v2\/media?parent=1526"}],"wp:term":[{"taxonomy":"product_cat","embeddable":true,"href":"https:\/\/casadolivreiro.pt\/index.php\/wp-json\/wp\/v2\/product_cat?post=1526"},{"taxonomy":"product_tag","embeddable":true,"href":"https:\/\/casadolivreiro.pt\/index.php\/wp-json\/wp\/v2\/product_tag?post=1526"}],"curies":[{"name":"wp","href":"https:\/\/api.w.org\/{rel}","templated":true}]}}