{"id":1504,"date":"2024-03-28T22:03:07","date_gmt":"2024-03-28T22:03:07","guid":{"rendered":"https:\/\/casadolivreiro.pt\/?post_type=product&#038;p=1504"},"modified":"2024-03-28T22:03:07","modified_gmt":"2024-03-28T22:03:07","slug":"touring-sydney-david-messent","status":"publish","type":"product","link":"https:\/\/casadolivreiro.pt\/index.php\/product\/touring-sydney-david-messent\/","title":{"rendered":"TOURING SYDNEY &#8211; David Messent"},"content":{"rendered":"<p>TOURING SYDNEY<br \/>\nDavid Messent<br \/>\nISBN: 0-9577124-56<br \/>\nAno de edi\u00e7\u00e3o: 2000<br \/>\nEditor: National Library of Australia<br \/>\nIdioma: Ingl\u00eas<br \/>\nDimens\u00f5es: 25 x 2.4 x 31.5 cm<br \/>\nEncaderna\u00e7\u00e3o: Capa dura<br \/>\nP\u00e1ginas: 224<\/p>\n","protected":false},"excerpt":{"rendered":"<p>TOURING SYDNEY David Messent ISBN: 0-9577124-56 Ano de edi\u00e7\u00e3o: 2000 Editor: National Library of Australia Idioma: Ingl\u00eas Dimens\u00f5es: 25 x 2.4 x 31.5 cm Encaderna\u00e7\u00e3o: Capa dura P\u00e1ginas: 224<\/p>\n","protected":false},"featured_media":1506,"comment_status":"open","ping_status":"closed","template":"","meta":{"om_disable_all_campaigns":false,"_monsterinsights_skip_tracking":false,"_monsterinsights_sitenote_active":false,"_monsterinsights_sitenote_note":"","_monsterinsights_sitenote_category":0,"_uf_show_specific_survey":0,"_uf_disable_surveys":false},"product_cat":[49,39],"product_tag":[],"aioseo_notices":[],"jetpack_sharing_enabled":true,"_links":{"self":[{"href":"https:\/\/casadolivreiro.pt\/index.php\/wp-json\/wp\/v2\/product\/1504"}],"collection":[{"href":"https:\/\/casadolivreiro.pt\/index.php\/wp-json\/wp\/v2\/product"}],"about":[{"href":"https:\/\/casadolivreiro.pt\/index.php\/wp-json\/wp\/v2\/types\/product"}],"replies":[{"embeddable":true,"href":"https:\/\/casadolivreiro.pt\/index.php\/wp-json\/wp\/v2\/comments?post=1504"}],"wp:featuredmedia":[{"embeddable":true,"href":"https:\/\/casadolivreiro.pt\/index.php\/wp-json\/wp\/v2\/media\/1506"}],"wp:attachment":[{"href":"https:\/\/casadolivreiro.pt\/index.php\/wp-json\/wp\/v2\/media?parent=1504"}],"wp:term":[{"taxonomy":"product_cat","embeddable":true,"href":"https:\/\/casadolivreiro.pt\/index.php\/wp-json\/wp\/v2\/product_cat?post=1504"},{"taxonomy":"product_tag","embeddable":true,"href":"https:\/\/casadolivreiro.pt\/index.php\/wp-json\/wp\/v2\/product_tag?post=1504"}],"curies":[{"name":"wp","href":"https:\/\/api.w.org\/{rel}","templated":true}]}}