{"id":1487,"date":"2024-03-28T21:25:18","date_gmt":"2024-03-28T21:25:18","guid":{"rendered":"https:\/\/casadolivreiro.pt\/?post_type=product&#038;p=1487"},"modified":"2024-03-28T21:25:18","modified_gmt":"2024-03-28T21:25:18","slug":"library-of-nations-south-east-asia","status":"publish","type":"product","link":"https:\/\/casadolivreiro.pt\/index.php\/product\/library-of-nations-south-east-asia\/","title":{"rendered":"LIBRARY OF NATIONS: SOUTH-EAST ASIA"},"content":{"rendered":"<p>LIBRARY OF NATIONS: SOUTH-EAST ASIA<br \/>\nISBN: 0 7054-0857-4<br \/>\nAno de edi\u00e7\u00e3o: 1987<br \/>\nEditor: Time-Life Books<br \/>\nIdioma: Ingl\u00eas<br \/>\nDimens\u00f5es: 23 x 1.4 x 28.5 cm<br \/>\nEncaderna\u00e7\u00e3o: Capa dura<br \/>\nP\u00e1ginas: 160<\/p>\n","protected":false},"excerpt":{"rendered":"<p>LIBRARY OF NATIONS: SOUTH-EAST ASIA ISBN: 0 7054-0857-4 Ano de edi\u00e7\u00e3o: 1987 Editor: Time-Life Books Idioma: Ingl\u00eas Dimens\u00f5es: 23 x 1.4 x 28.5 cm Encaderna\u00e7\u00e3o: Capa dura P\u00e1ginas: 160<\/p>\n","protected":false},"featured_media":1488,"comment_status":"open","ping_status":"closed","template":"","meta":{"om_disable_all_campaigns":false,"_monsterinsights_skip_tracking":false,"_monsterinsights_sitenote_active":false,"_monsterinsights_sitenote_note":"","_monsterinsights_sitenote_category":0,"_uf_show_specific_survey":0,"_uf_disable_surveys":false},"product_cat":[46,39],"product_tag":[],"aioseo_notices":[],"jetpack_sharing_enabled":true,"_links":{"self":[{"href":"https:\/\/casadolivreiro.pt\/index.php\/wp-json\/wp\/v2\/product\/1487"}],"collection":[{"href":"https:\/\/casadolivreiro.pt\/index.php\/wp-json\/wp\/v2\/product"}],"about":[{"href":"https:\/\/casadolivreiro.pt\/index.php\/wp-json\/wp\/v2\/types\/product"}],"replies":[{"embeddable":true,"href":"https:\/\/casadolivreiro.pt\/index.php\/wp-json\/wp\/v2\/comments?post=1487"}],"wp:featuredmedia":[{"embeddable":true,"href":"https:\/\/casadolivreiro.pt\/index.php\/wp-json\/wp\/v2\/media\/1488"}],"wp:attachment":[{"href":"https:\/\/casadolivreiro.pt\/index.php\/wp-json\/wp\/v2\/media?parent=1487"}],"wp:term":[{"taxonomy":"product_cat","embeddable":true,"href":"https:\/\/casadolivreiro.pt\/index.php\/wp-json\/wp\/v2\/product_cat?post=1487"},{"taxonomy":"product_tag","embeddable":true,"href":"https:\/\/casadolivreiro.pt\/index.php\/wp-json\/wp\/v2\/product_tag?post=1487"}],"curies":[{"name":"wp","href":"https:\/\/api.w.org\/{rel}","templated":true}]}}