{"id":1483,"date":"2024-03-28T21:19:16","date_gmt":"2024-03-28T21:19:16","guid":{"rendered":"https:\/\/casadolivreiro.pt\/?post_type=product&#038;p=1483"},"modified":"2024-03-28T21:19:16","modified_gmt":"2024-03-28T21:19:16","slug":"viagens-e-aventuras-o-grande-oeste-americano-seleccoes-do-readers-digest","status":"publish","type":"product","link":"https:\/\/casadolivreiro.pt\/index.php\/product\/viagens-e-aventuras-o-grande-oeste-americano-seleccoes-do-readers-digest\/","title":{"rendered":"VIAGENS E AVENTURAS: O GRANDE OESTE AMERICANO &#8211; Selec\u00e7\u00f5es do Reader\u2019s Digest"},"content":{"rendered":"<p>VIAGENS E AVENTURAS: O GRANDE OESTE AMERICANO<br \/>\nSelec\u00e7\u00f5es do Reader\u2019s Digest<br \/>\nISBN: 972-609-179-9<br \/>\nAno de edi\u00e7\u00e3o: 1996<br \/>\nEditor: Selec\u00e7\u00f5es do Reader\u2019s Digest S.A. Lisboa<br \/>\nIdioma: Portugu\u00eas<br \/>\nDimens\u00f5es: 21.5 x 1.8 x 28.7 cm<br \/>\nEncaderna\u00e7\u00e3o: Capa dura<br \/>\nP\u00e1ginas: 192<\/p>\n","protected":false},"excerpt":{"rendered":"<p>VIAGENS E AVENTURAS: O GRANDE OESTE AMERICANO Selec\u00e7\u00f5es do Reader\u2019s Digest ISBN: 972-609-179-9 Ano de edi\u00e7\u00e3o: 1996 Editor: Selec\u00e7\u00f5es do Reader\u2019s Digest S.A. Lisboa Idioma: Portugu\u00eas Dimens\u00f5es: 21.5 x 1.8 x 28.7 cm Encaderna\u00e7\u00e3o: Capa dura P\u00e1ginas: 192<\/p>\n","protected":false},"featured_media":1484,"comment_status":"open","ping_status":"closed","template":"","meta":{"om_disable_all_campaigns":false,"_monsterinsights_skip_tracking":false,"_monsterinsights_sitenote_active":false,"_monsterinsights_sitenote_note":"","_monsterinsights_sitenote_category":0,"_uf_show_specific_survey":0,"_uf_disable_surveys":false},"product_cat":[46,39],"product_tag":[],"aioseo_notices":[],"jetpack_sharing_enabled":true,"_links":{"self":[{"href":"https:\/\/casadolivreiro.pt\/index.php\/wp-json\/wp\/v2\/product\/1483"}],"collection":[{"href":"https:\/\/casadolivreiro.pt\/index.php\/wp-json\/wp\/v2\/product"}],"about":[{"href":"https:\/\/casadolivreiro.pt\/index.php\/wp-json\/wp\/v2\/types\/product"}],"replies":[{"embeddable":true,"href":"https:\/\/casadolivreiro.pt\/index.php\/wp-json\/wp\/v2\/comments?post=1483"}],"wp:featuredmedia":[{"embeddable":true,"href":"https:\/\/casadolivreiro.pt\/index.php\/wp-json\/wp\/v2\/media\/1484"}],"wp:attachment":[{"href":"https:\/\/casadolivreiro.pt\/index.php\/wp-json\/wp\/v2\/media?parent=1483"}],"wp:term":[{"taxonomy":"product_cat","embeddable":true,"href":"https:\/\/casadolivreiro.pt\/index.php\/wp-json\/wp\/v2\/product_cat?post=1483"},{"taxonomy":"product_tag","embeddable":true,"href":"https:\/\/casadolivreiro.pt\/index.php\/wp-json\/wp\/v2\/product_tag?post=1483"}],"curies":[{"name":"wp","href":"https:\/\/api.w.org\/{rel}","templated":true}]}}