{"id":1478,"date":"2024-03-28T19:43:47","date_gmt":"2024-03-28T19:43:47","guid":{"rendered":"https:\/\/casadolivreiro.pt\/?post_type=product&#038;p=1478"},"modified":"2024-03-28T19:43:47","modified_gmt":"2024-03-28T19:43:47","slug":"enciclopedia-verbo-juvenil-12-volumes-manuel-breda-simoes","status":"publish","type":"product","link":"https:\/\/casadolivreiro.pt\/index.php\/product\/enciclopedia-verbo-juvenil-12-volumes-manuel-breda-simoes\/","title":{"rendered":"ENCICLOP\u00c9DIA VERBO JUVENIL (12 Volumes) &#8211; Manuel Breda Sim\u00f5es"},"content":{"rendered":"<p>ENCICLOP\u00c9DIA VERBO JUVENIL (12 Volumes)<br \/>\nManuel Breda Sim\u00f5es<br \/>\nAno de edi\u00e7\u00e3o: 1964<br \/>\nEditor: Editorial Verbo<br \/>\nIdioma: Portugu\u00eas<br \/>\nDimens\u00f5es: 22.5 x 1.4 x 28 cm<br \/>\nEncaderna\u00e7\u00e3o: Capa dura. Encaderna\u00e7\u00f5es do editor.<br \/>\nP\u00e1ginas: 12 Volumes com 93; 95; 93, [i]; 94; 94; 94; 94; 94; 94; 94; 93, [i], 93 p\u00e1gs.<br \/>\nIlustrados em extratextos sobre papel couch\u00e9.<\/p>\n<p>Orienta\u00e7\u00e3o Pedag\u00f3gica de&#8230; 4.\u00aa Edi\u00e7\u00e3o. Tem colaboradores de muitos especialista neste volume: Ramiro da Fonseca, Jo\u00e3o Mendes, Nat\u00e1lia P\u00e3es, Miguel Freitas da Costa, Virg\u00edlio Cardoso Igreja, Fernando de Pa\u00e7os, Jos\u00e9 Blanc de Manuel Breda Sim\u00f5es, etc&#8230;<\/p>\n","protected":false},"excerpt":{"rendered":"<p>ENCICLOP\u00c9DIA VERBO JUVENIL (12 Volumes) Manuel Breda Sim\u00f5es Ano de edi\u00e7\u00e3o: 1964 Editor: Editorial Verbo Idioma: Portugu\u00eas Dimens\u00f5es: 22.5 x 1.4 x 28 cm Encaderna\u00e7\u00e3o: Capa dura. Encaderna\u00e7\u00f5es do editor. P\u00e1ginas: 12 Volumes com 93; 95; 93, [i]; 94; 94; 94; 94; 94; 94; 94; 93, [i], 93 p\u00e1gs. Ilustrados em extratextos sobre papel couch\u00e9. [&hellip;]<\/p>\n","protected":false},"featured_media":1479,"comment_status":"open","ping_status":"closed","template":"","meta":{"om_disable_all_campaigns":false,"_monsterinsights_skip_tracking":false,"_monsterinsights_sitenote_active":false,"_monsterinsights_sitenote_note":"","_monsterinsights_sitenote_category":0,"_uf_show_specific_survey":0,"_uf_disable_surveys":false},"product_cat":[46,47,34],"product_tag":[],"aioseo_notices":[],"jetpack_sharing_enabled":true,"_links":{"self":[{"href":"https:\/\/casadolivreiro.pt\/index.php\/wp-json\/wp\/v2\/product\/1478"}],"collection":[{"href":"https:\/\/casadolivreiro.pt\/index.php\/wp-json\/wp\/v2\/product"}],"about":[{"href":"https:\/\/casadolivreiro.pt\/index.php\/wp-json\/wp\/v2\/types\/product"}],"replies":[{"embeddable":true,"href":"https:\/\/casadolivreiro.pt\/index.php\/wp-json\/wp\/v2\/comments?post=1478"}],"wp:featuredmedia":[{"embeddable":true,"href":"https:\/\/casadolivreiro.pt\/index.php\/wp-json\/wp\/v2\/media\/1479"}],"wp:attachment":[{"href":"https:\/\/casadolivreiro.pt\/index.php\/wp-json\/wp\/v2\/media?parent=1478"}],"wp:term":[{"taxonomy":"product_cat","embeddable":true,"href":"https:\/\/casadolivreiro.pt\/index.php\/wp-json\/wp\/v2\/product_cat?post=1478"},{"taxonomy":"product_tag","embeddable":true,"href":"https:\/\/casadolivreiro.pt\/index.php\/wp-json\/wp\/v2\/product_tag?post=1478"}],"curies":[{"name":"wp","href":"https:\/\/api.w.org\/{rel}","templated":true}]}}