{"id":1459,"date":"2024-03-28T19:23:06","date_gmt":"2024-03-28T19:23:06","guid":{"rendered":"https:\/\/casadolivreiro.pt\/?post_type=product&#038;p=1459"},"modified":"2024-03-28T19:23:06","modified_gmt":"2024-03-28T19:23:06","slug":"grande-enciclopedia-das-ciencias-ediclube-9-volumes","status":"publish","type":"product","link":"https:\/\/casadolivreiro.pt\/index.php\/product\/grande-enciclopedia-das-ciencias-ediclube-9-volumes\/","title":{"rendered":"GRANDE ENCICLOP\u00c9DIA DAS CI\u00caNCIAS Ediclube (9 volumes)"},"content":{"rendered":"<p>GRANDE ENCICLOP\u00c9DIA DAS CI\u00caNCIAS Ediclube (9 volumes)<br \/>\nAno de edi\u00e7\u00e3o: 1992<br \/>\nEditor: Ediclube, Amadora<br \/>\nIdioma: Portugu\u00eas<br \/>\nDimens\u00f5es: 23 x 1.9 x 31.5 cm<br \/>\nEncaderna\u00e7\u00e3o: Capa dura<br \/>\nP\u00e1ginas: Cada volume tem cerca de 93 p\u00e1gs.<\/p>\n<p>ZOOLOGIA<\/p>\n<p>BOT\u00c2NICA<\/p>\n<p>ANATOMIA<\/p>\n<p>MAR<\/p>\n<p>ASTRONOMIA<\/p>\n<p>F\u00cdSICA<\/p>\n<p>MINERALOGIA<\/p>\n<p>QU\u00cdMICA<\/p>\n<p>ECOLOGIA<\/p>\n<p>&nbsp;<\/p>\n<p>5\u20ac cada volume<\/p>\n","protected":false},"excerpt":{"rendered":"<p>GRANDE ENCICLOP\u00c9DIA DAS CI\u00caNCIAS Ediclube (9 volumes) Ano de edi\u00e7\u00e3o: 1992 Editor: Ediclube, Amadora Idioma: Portugu\u00eas Dimens\u00f5es: 23 x 1.9 x 31.5 cm Encaderna\u00e7\u00e3o: Capa dura P\u00e1ginas: Cada volume tem cerca de 93 p\u00e1gs. ZOOLOGIA BOT\u00c2NICA ANATOMIA MAR ASTRONOMIA F\u00cdSICA MINERALOGIA QU\u00cdMICA ECOLOGIA &nbsp; 5\u20ac cada volume<\/p>\n","protected":false},"featured_media":1469,"comment_status":"open","ping_status":"closed","template":"","meta":{"om_disable_all_campaigns":false,"_monsterinsights_skip_tracking":false,"_monsterinsights_sitenote_active":false,"_monsterinsights_sitenote_note":"","_monsterinsights_sitenote_category":0,"_uf_show_specific_survey":0,"_uf_disable_surveys":false},"product_cat":[32,46,47,50],"product_tag":[],"aioseo_notices":[],"jetpack_sharing_enabled":true,"_links":{"self":[{"href":"https:\/\/casadolivreiro.pt\/index.php\/wp-json\/wp\/v2\/product\/1459"}],"collection":[{"href":"https:\/\/casadolivreiro.pt\/index.php\/wp-json\/wp\/v2\/product"}],"about":[{"href":"https:\/\/casadolivreiro.pt\/index.php\/wp-json\/wp\/v2\/types\/product"}],"replies":[{"embeddable":true,"href":"https:\/\/casadolivreiro.pt\/index.php\/wp-json\/wp\/v2\/comments?post=1459"}],"wp:featuredmedia":[{"embeddable":true,"href":"https:\/\/casadolivreiro.pt\/index.php\/wp-json\/wp\/v2\/media\/1469"}],"wp:attachment":[{"href":"https:\/\/casadolivreiro.pt\/index.php\/wp-json\/wp\/v2\/media?parent=1459"}],"wp:term":[{"taxonomy":"product_cat","embeddable":true,"href":"https:\/\/casadolivreiro.pt\/index.php\/wp-json\/wp\/v2\/product_cat?post=1459"},{"taxonomy":"product_tag","embeddable":true,"href":"https:\/\/casadolivreiro.pt\/index.php\/wp-json\/wp\/v2\/product_tag?post=1459"}],"curies":[{"name":"wp","href":"https:\/\/api.w.org\/{rel}","templated":true}]}}