{"id":1457,"date":"2024-03-28T19:09:47","date_gmt":"2024-03-28T19:09:47","guid":{"rendered":"https:\/\/casadolivreiro.pt\/?post_type=product&#038;p=1457"},"modified":"2024-03-28T19:09:47","modified_gmt":"2024-03-28T19:09:47","slug":"diario-de-noticias-enciclopedia-2-volumes","status":"publish","type":"product","link":"https:\/\/casadolivreiro.pt\/index.php\/product\/diario-de-noticias-enciclopedia-2-volumes\/","title":{"rendered":"DI\u00c1RIO DE NOTICIAS ENCICLOP\u00c9DIA ( 2 Volumes)"},"content":{"rendered":"<p>Ano de edi\u00e7\u00e3o: Dicion\u00e1rio Enciclop\u00e9dico publicado em 21 de Abril de 1996 e 14 de Setembro de 1997 em 74 fasc\u00edculos.<br \/>\nEditor: Di\u00e1rio de Noticias ( \u00a9Licen\u00e7a editorial Circulo de Leitores)<br \/>\nIdioma: Portugu\u00eas<br \/>\nDimens\u00f5es: 21 x 3 x 28.5 cm \u00a0e 21 x 3.5 x 28.5 cm<br \/>\nEncaderna\u00e7\u00e3o: Capa dura. \u00a0Encaderna\u00e7\u00e3o do editor. Ilustrado no texto, impresso a quatro colunas.<br \/>\nP\u00e1ginas: Com 1839 p\u00e1ginas com numera\u00e7\u00e3o continuada de um a outro volume.<br \/>\nDirector Alexandre Manuel. Diario de Not\u00edcias. Dicion\u00e1rio Enciclop\u00e9dico. Volume 1 &#8211; A a H. [Volume 2 &#8211; I a Z]. Editor Leonel Oliveira.<\/p>\n<p>Director Alexandre Manuel. Diario de Not\u00edcias. Dicion\u00e1rio Enciclop\u00e9dico. Volume 1 &#8211; A a H. [Volume 2 &#8211; I a Z]. Editor Leonel Oliveira.<\/p>\n","protected":false},"excerpt":{"rendered":"<p>Ano de edi\u00e7\u00e3o: Dicion\u00e1rio Enciclop\u00e9dico publicado em 21 de Abril de 1996 e 14 de Setembro de 1997 em 74 fasc\u00edculos. Editor: Di\u00e1rio de Noticias ( \u00a9Licen\u00e7a editorial Circulo de Leitores) Idioma: Portugu\u00eas Dimens\u00f5es: 21 x 3 x 28.5 cm \u00a0e 21 x 3.5 x 28.5 cm Encaderna\u00e7\u00e3o: Capa dura. \u00a0Encaderna\u00e7\u00e3o do editor. Ilustrado no [&hellip;]<\/p>\n","protected":false},"featured_media":1458,"comment_status":"open","ping_status":"closed","template":"","meta":{"om_disable_all_campaigns":false,"_monsterinsights_skip_tracking":false,"_monsterinsights_sitenote_active":false,"_monsterinsights_sitenote_note":"","_monsterinsights_sitenote_category":0,"_uf_show_specific_survey":0,"_uf_disable_surveys":false},"product_cat":[46,47],"product_tag":[],"aioseo_notices":[],"jetpack_sharing_enabled":true,"_links":{"self":[{"href":"https:\/\/casadolivreiro.pt\/index.php\/wp-json\/wp\/v2\/product\/1457"}],"collection":[{"href":"https:\/\/casadolivreiro.pt\/index.php\/wp-json\/wp\/v2\/product"}],"about":[{"href":"https:\/\/casadolivreiro.pt\/index.php\/wp-json\/wp\/v2\/types\/product"}],"replies":[{"embeddable":true,"href":"https:\/\/casadolivreiro.pt\/index.php\/wp-json\/wp\/v2\/comments?post=1457"}],"wp:featuredmedia":[{"embeddable":true,"href":"https:\/\/casadolivreiro.pt\/index.php\/wp-json\/wp\/v2\/media\/1458"}],"wp:attachment":[{"href":"https:\/\/casadolivreiro.pt\/index.php\/wp-json\/wp\/v2\/media?parent=1457"}],"wp:term":[{"taxonomy":"product_cat","embeddable":true,"href":"https:\/\/casadolivreiro.pt\/index.php\/wp-json\/wp\/v2\/product_cat?post=1457"},{"taxonomy":"product_tag","embeddable":true,"href":"https:\/\/casadolivreiro.pt\/index.php\/wp-json\/wp\/v2\/product_tag?post=1457"}],"curies":[{"name":"wp","href":"https:\/\/api.w.org\/{rel}","templated":true}]}}