{"id":1455,"date":"2024-03-28T19:05:54","date_gmt":"2024-03-28T19:05:54","guid":{"rendered":"https:\/\/casadolivreiro.pt\/?post_type=product&#038;p=1455"},"modified":"2024-03-28T19:05:55","modified_gmt":"2024-03-28T19:05:55","slug":"a-aventura-da-vida-cronica-de-viagens-de-felix-rodriguez-de-la-fuente-eurasia-volumes-1-6","status":"publish","type":"product","link":"https:\/\/casadolivreiro.pt\/index.php\/product\/a-aventura-da-vida-cronica-de-viagens-de-felix-rodriguez-de-la-fuente-eurasia-volumes-1-6\/","title":{"rendered":"A AVENTURA DA VIDA: cr\u00f3nica de viagens de F\u00e9lix Rodr\u00edguez de la Fuente (EUR\u00c1SIA, Volumes 1 -6)"},"content":{"rendered":"<p>A AVENTURA DA VIDA: cr\u00f3nica de viagens de F\u00e9lix Rodr\u00edguez de la Fuente (EUR\u00c1SIA, Volumes 1 -6)<br \/>\nAno de edi\u00e7\u00e3o: 1984<br \/>\nEditor: Amigos de Livro, Editores, Lisboa<br \/>\nIdioma: Portugu\u00eas<br \/>\nDimens\u00f5es: 21 x v\u00e1rios x 28 cm<br \/>\nEncaderna\u00e7\u00e3o: Capa dura. Encaderna\u00e7\u00f5es do editor em percalina. Profusamente ilustrados.<br \/>\nP\u00e1ginas: 6 volumes com 151, 166, 175, 157, 151, e 168 pags.<\/p>\n<p>&nbsp;<\/p>\n","protected":false},"excerpt":{"rendered":"<p>A AVENTURA DA VIDA: cr\u00f3nica de viagens de F\u00e9lix Rodr\u00edguez de la Fuente (EUR\u00c1SIA, Volumes 1 -6) Ano de edi\u00e7\u00e3o: 1984 Editor: Amigos de Livro, Editores, Lisboa Idioma: Portugu\u00eas Dimens\u00f5es: 21 x v\u00e1rios x 28 cm Encaderna\u00e7\u00e3o: Capa dura. Encaderna\u00e7\u00f5es do editor em percalina. Profusamente ilustrados. P\u00e1ginas: 6 volumes com 151, 166, 175, 157, 151, [&hellip;]<\/p>\n","protected":false},"featured_media":1456,"comment_status":"open","ping_status":"closed","template":"","meta":{"om_disable_all_campaigns":false,"_monsterinsights_skip_tracking":false,"_monsterinsights_sitenote_active":false,"_monsterinsights_sitenote_note":"","_monsterinsights_sitenote_category":0,"_uf_show_specific_survey":0,"_uf_disable_surveys":false},"product_cat":[32,46,50],"product_tag":[],"aioseo_notices":[],"jetpack_sharing_enabled":true,"_links":{"self":[{"href":"https:\/\/casadolivreiro.pt\/index.php\/wp-json\/wp\/v2\/product\/1455"}],"collection":[{"href":"https:\/\/casadolivreiro.pt\/index.php\/wp-json\/wp\/v2\/product"}],"about":[{"href":"https:\/\/casadolivreiro.pt\/index.php\/wp-json\/wp\/v2\/types\/product"}],"replies":[{"embeddable":true,"href":"https:\/\/casadolivreiro.pt\/index.php\/wp-json\/wp\/v2\/comments?post=1455"}],"wp:featuredmedia":[{"embeddable":true,"href":"https:\/\/casadolivreiro.pt\/index.php\/wp-json\/wp\/v2\/media\/1456"}],"wp:attachment":[{"href":"https:\/\/casadolivreiro.pt\/index.php\/wp-json\/wp\/v2\/media?parent=1455"}],"wp:term":[{"taxonomy":"product_cat","embeddable":true,"href":"https:\/\/casadolivreiro.pt\/index.php\/wp-json\/wp\/v2\/product_cat?post=1455"},{"taxonomy":"product_tag","embeddable":true,"href":"https:\/\/casadolivreiro.pt\/index.php\/wp-json\/wp\/v2\/product_tag?post=1455"}],"curies":[{"name":"wp","href":"https:\/\/api.w.org\/{rel}","templated":true}]}}