{"id":1453,"date":"2024-03-28T19:01:30","date_gmt":"2024-03-28T19:01:30","guid":{"rendered":"https:\/\/casadolivreiro.pt\/?post_type=product&#038;p=1453"},"modified":"2024-03-28T19:01:30","modified_gmt":"2024-03-28T19:01:30","slug":"enciclopedia-da-mulher-editorial-verbo-2-volumes","status":"publish","type":"product","link":"https:\/\/casadolivreiro.pt\/index.php\/product\/enciclopedia-da-mulher-editorial-verbo-2-volumes\/","title":{"rendered":"ENCICLOP\u00c9DIA DA MULHER Editorial Verbo ( 2 Volumes)"},"content":{"rendered":"<p>ENCICLOP\u00c9DIA DA MULHER Editorial Verbo ( 2 Volumes)<br \/>\nAno de edi\u00e7\u00e3o: 1972<br \/>\nEditor: Editorial Verbo<br \/>\nIdioma: Portugu\u00eas<br \/>\nDimens\u00f5es: 24 x v\u00e1rios x 30.8 cm<br \/>\nEncaderna\u00e7\u00e3o: Capa dura<br \/>\nP\u00e1ginas: 1\u00ba v.: A Mulher e a Vida &#8211; 457 p., 2\u00ba v.: O Mundo da Mulher &#8211; 447 p<\/p>\n","protected":false},"excerpt":{"rendered":"<p>ENCICLOP\u00c9DIA DA MULHER Editorial Verbo ( 2 Volumes) Ano de edi\u00e7\u00e3o: 1972 Editor: Editorial Verbo Idioma: Portugu\u00eas Dimens\u00f5es: 24 x v\u00e1rios x 30.8 cm Encaderna\u00e7\u00e3o: Capa dura P\u00e1ginas: 1\u00ba v.: A Mulher e a Vida &#8211; 457 p., 2\u00ba v.: O Mundo da Mulher &#8211; 447 p<\/p>\n","protected":false},"featured_media":1454,"comment_status":"open","ping_status":"closed","template":"","meta":{"om_disable_all_campaigns":false,"_monsterinsights_skip_tracking":false,"_monsterinsights_sitenote_active":false,"_monsterinsights_sitenote_note":"","_monsterinsights_sitenote_category":0,"_uf_show_specific_survey":0,"_uf_disable_surveys":false},"product_cat":[46,43],"product_tag":[],"aioseo_notices":[],"jetpack_sharing_enabled":true,"_links":{"self":[{"href":"https:\/\/casadolivreiro.pt\/index.php\/wp-json\/wp\/v2\/product\/1453"}],"collection":[{"href":"https:\/\/casadolivreiro.pt\/index.php\/wp-json\/wp\/v2\/product"}],"about":[{"href":"https:\/\/casadolivreiro.pt\/index.php\/wp-json\/wp\/v2\/types\/product"}],"replies":[{"embeddable":true,"href":"https:\/\/casadolivreiro.pt\/index.php\/wp-json\/wp\/v2\/comments?post=1453"}],"wp:featuredmedia":[{"embeddable":true,"href":"https:\/\/casadolivreiro.pt\/index.php\/wp-json\/wp\/v2\/media\/1454"}],"wp:attachment":[{"href":"https:\/\/casadolivreiro.pt\/index.php\/wp-json\/wp\/v2\/media?parent=1453"}],"wp:term":[{"taxonomy":"product_cat","embeddable":true,"href":"https:\/\/casadolivreiro.pt\/index.php\/wp-json\/wp\/v2\/product_cat?post=1453"},{"taxonomy":"product_tag","embeddable":true,"href":"https:\/\/casadolivreiro.pt\/index.php\/wp-json\/wp\/v2\/product_tag?post=1453"}],"curies":[{"name":"wp","href":"https:\/\/api.w.org\/{rel}","templated":true}]}}