{"id":1447,"date":"2024-03-28T18:50:00","date_gmt":"2024-03-28T18:50:00","guid":{"rendered":"https:\/\/casadolivreiro.pt\/?post_type=product&#038;p=1447"},"modified":"2026-01-11T16:19:42","modified_gmt":"2026-01-11T16:19:42","slug":"o-mundo-submarino-volumes-1-12-jacques-yves-cousteau","status":"publish","type":"product","link":"https:\/\/casadolivreiro.pt\/index.php\/product\/o-mundo-submarino-volumes-1-12-jacques-yves-cousteau\/","title":{"rendered":"O MUNDO SUBMARINO  (Volumes 1-12) &#8211; Jacques-Yves Cousteau"},"content":{"rendered":"<p>O MUNDO SUBMARINO\u00a0 (Volumes 1-12)<br \/>\nJacques-Yves Cousteau<br \/>\nAno de edi\u00e7\u00e3o: 1983, 1984, 1985, 1986<br \/>\nEditor: Salvat Editora do Brasil, Lda. Representante em Portugal: Publica\u00e7\u00f5es Alfa, S. A. R. L. Rio de Janeiro. Lisboa.<br \/>\nIdioma: Portugu\u00eas<br \/>\nDimens\u00f5es: 22.5 x v\u00e1rios x \u00a029 cm<br \/>\nEncaderna\u00e7\u00e3o: Capa dura<br \/>\nP\u00e1ginas: \u00a0Com cerca de 250 p\u00e1ginas cada um.<\/p>\n<p>Encaderna\u00e7\u00f5es do editor com ferros a ouro na lombada e nas pastas. Ilustrados com gravuras, fotografias a cores, fac-s\u00edmiles de documentos, tabelas, esquemas e mapas. Impressos sobre papel encorpado.<\/p>\n<p>O \u00faltimo volume da obra (XII) cont\u00e9m um \u00cdndice Alfab\u00e9tico que contempla a obra na sua integralidade.<\/p>\n<p>\u00abJacques-Yves Cousteau (Saint-Andr\u00e9-de-Cubzac, 11 de junho de 1910 \u2013 Paris, 25 de junho de 1997) foi um oficial da marinha francesa, documentarista, cineasta, ocean\u00f3grafo e inventor mundialmente conhecido por suas viagens de pesquisa, a bordo do Calypso. Foi um dos inventores, juntamente com \u00c9mile Gagnan, do Aqualung, o equipamento de mergulho aut\u00f4nomo que substituiu os pesados escafandros, e tamb\u00e9m participou como piloto de testes da cria\u00e7\u00e3o de aparelhos de ultrassom para levantamentos geol\u00f3gicos do relevo submarino e de equipamentos fotocinematogr\u00e1ficos para trabalhos em grandes profundidades. Cousteau conquistou a Palma de Ouro de 1956, com o filme O mundo silencioso, rodado no Mar Mediterr\u00e2neo e Vermelho. No total, foram quatro longas-metragens e setenta document\u00e1rios para a televis\u00e3o. Em 1965, Cousteau criou uma casa submarina onde seis pessoas viveram por um m\u00eas, a cem metros de profundidade\u00bb. (Wikipedia)<\/p>\n","protected":false},"excerpt":{"rendered":"<p>O MUNDO SUBMARINO\u00a0 (Volumes 1-12) Jacques-Yves Cousteau Ano de edi\u00e7\u00e3o: 1983, 1984, 1985, 1986 Editor: Salvat Editora do Brasil, Lda. Representante em Portugal: Publica\u00e7\u00f5es Alfa, S. A. R. L. Rio de Janeiro. Lisboa. Idioma: Portugu\u00eas Dimens\u00f5es: 22.5 x v\u00e1rios x \u00a029 cm Encaderna\u00e7\u00e3o: Capa dura P\u00e1ginas: \u00a0Com cerca de 250 p\u00e1ginas cada um. Encaderna\u00e7\u00f5es do [&hellip;]<\/p>\n","protected":false},"featured_media":1448,"comment_status":"open","ping_status":"closed","template":"","meta":{"om_disable_all_campaigns":false,"_monsterinsights_skip_tracking":false,"_monsterinsights_sitenote_active":false,"_monsterinsights_sitenote_note":"","_monsterinsights_sitenote_category":0,"_uf_show_specific_survey":0,"_uf_disable_surveys":false},"product_cat":[32,46,50],"product_tag":[],"aioseo_notices":[],"jetpack_sharing_enabled":true,"_links":{"self":[{"href":"https:\/\/casadolivreiro.pt\/index.php\/wp-json\/wp\/v2\/product\/1447"}],"collection":[{"href":"https:\/\/casadolivreiro.pt\/index.php\/wp-json\/wp\/v2\/product"}],"about":[{"href":"https:\/\/casadolivreiro.pt\/index.php\/wp-json\/wp\/v2\/types\/product"}],"replies":[{"embeddable":true,"href":"https:\/\/casadolivreiro.pt\/index.php\/wp-json\/wp\/v2\/comments?post=1447"}],"wp:featuredmedia":[{"embeddable":true,"href":"https:\/\/casadolivreiro.pt\/index.php\/wp-json\/wp\/v2\/media\/1448"}],"wp:attachment":[{"href":"https:\/\/casadolivreiro.pt\/index.php\/wp-json\/wp\/v2\/media?parent=1447"}],"wp:term":[{"taxonomy":"product_cat","embeddable":true,"href":"https:\/\/casadolivreiro.pt\/index.php\/wp-json\/wp\/v2\/product_cat?post=1447"},{"taxonomy":"product_tag","embeddable":true,"href":"https:\/\/casadolivreiro.pt\/index.php\/wp-json\/wp\/v2\/product_tag?post=1447"}],"curies":[{"name":"wp","href":"https:\/\/api.w.org\/{rel}","templated":true}]}}