{"id":1442,"date":"2024-03-26T22:05:00","date_gmt":"2024-03-26T22:05:00","guid":{"rendered":"https:\/\/casadolivreiro.pt\/?post_type=product&#038;p=1442"},"modified":"2024-03-26T22:05:00","modified_gmt":"2024-03-26T22:05:00","slug":"um-homem-sem-imaginacao-luis-claudio-ribeiro","status":"publish","type":"product","link":"https:\/\/casadolivreiro.pt\/index.php\/product\/um-homem-sem-imaginacao-luis-claudio-ribeiro\/","title":{"rendered":"UM HOMEM SEM IMAGINA\u00c7\u00c3O &#8211; Lu\u00eds-Cl\u00e1udio Ribeiro"},"content":{"rendered":"<p>UM HOMEM SEM IMAGINA\u00c7\u00c3O<br \/>\nLu\u00eds-Cl\u00e1udio Ribeiro<br \/>\nISBN: 972-9484-38-4<br \/>\nAno de edi\u00e7\u00e3o: 1993<br \/>\nEditor: Editorial Escritor Lda. Lisboa<br \/>\nIdioma: Portugu\u00eas<br \/>\nDimens\u00f5es: 15 x 0.9 x 21 cm<br \/>\nEncaderna\u00e7\u00e3o: Capa mole<br \/>\nP\u00e1ginas: 145<\/p>\n","protected":false},"excerpt":{"rendered":"<p>UM HOMEM SEM IMAGINA\u00c7\u00c3O Lu\u00eds-Cl\u00e1udio Ribeiro ISBN: 972-9484-38-4 Ano de edi\u00e7\u00e3o: 1993 Editor: Editorial Escritor Lda. Lisboa Idioma: Portugu\u00eas Dimens\u00f5es: 15 x 0.9 x 21 cm Encaderna\u00e7\u00e3o: Capa mole P\u00e1ginas: 145<\/p>\n","protected":false},"featured_media":1443,"comment_status":"open","ping_status":"closed","template":"","meta":{"om_disable_all_campaigns":false,"_monsterinsights_skip_tracking":false,"_monsterinsights_sitenote_active":false,"_monsterinsights_sitenote_note":"","_monsterinsights_sitenote_category":0,"_uf_show_specific_survey":0,"_uf_disable_surveys":false},"product_cat":[25],"product_tag":[],"aioseo_notices":[],"jetpack_sharing_enabled":true,"_links":{"self":[{"href":"https:\/\/casadolivreiro.pt\/index.php\/wp-json\/wp\/v2\/product\/1442"}],"collection":[{"href":"https:\/\/casadolivreiro.pt\/index.php\/wp-json\/wp\/v2\/product"}],"about":[{"href":"https:\/\/casadolivreiro.pt\/index.php\/wp-json\/wp\/v2\/types\/product"}],"replies":[{"embeddable":true,"href":"https:\/\/casadolivreiro.pt\/index.php\/wp-json\/wp\/v2\/comments?post=1442"}],"wp:featuredmedia":[{"embeddable":true,"href":"https:\/\/casadolivreiro.pt\/index.php\/wp-json\/wp\/v2\/media\/1443"}],"wp:attachment":[{"href":"https:\/\/casadolivreiro.pt\/index.php\/wp-json\/wp\/v2\/media?parent=1442"}],"wp:term":[{"taxonomy":"product_cat","embeddable":true,"href":"https:\/\/casadolivreiro.pt\/index.php\/wp-json\/wp\/v2\/product_cat?post=1442"},{"taxonomy":"product_tag","embeddable":true,"href":"https:\/\/casadolivreiro.pt\/index.php\/wp-json\/wp\/v2\/product_tag?post=1442"}],"curies":[{"name":"wp","href":"https:\/\/api.w.org\/{rel}","templated":true}]}}