{"id":1439,"date":"2024-03-26T22:02:03","date_gmt":"2024-03-26T22:02:03","guid":{"rendered":"https:\/\/casadolivreiro.pt\/?post_type=product&#038;p=1439"},"modified":"2024-03-26T22:02:03","modified_gmt":"2024-03-26T22:02:03","slug":"o-vento-e-a-rocha-mitro-vorga","status":"publish","type":"product","link":"https:\/\/casadolivreiro.pt\/index.php\/product\/o-vento-e-a-rocha-mitro-vorga\/","title":{"rendered":"O VENTO E  A ROCHA &#8211; Mitro Vorga"},"content":{"rendered":"<p>O VENTO E\u00a0 A ROCHA<br \/>\nMitro Vorga<br \/>\nAno de edi\u00e7\u00e3o: 2010<br \/>\nEditor: Publicado pelo autor<br \/>\nIdioma: Portugu\u00eas<br \/>\nDimens\u00f5es: 15 x 1 x 21 cm<br \/>\nEncaderna\u00e7\u00e3o: Capa mole<br \/>\nP\u00e1ginas: 198<\/p>\n","protected":false},"excerpt":{"rendered":"<p>O VENTO E\u00a0 A ROCHA Mitro Vorga Ano de edi\u00e7\u00e3o: 2010 Editor: Publicado pelo autor Idioma: Portugu\u00eas Dimens\u00f5es: 15 x 1 x 21 cm Encaderna\u00e7\u00e3o: Capa mole P\u00e1ginas: 198<\/p>\n","protected":false},"featured_media":1440,"comment_status":"open","ping_status":"closed","template":"","meta":{"om_disable_all_campaigns":false,"_monsterinsights_skip_tracking":false,"_monsterinsights_sitenote_active":false,"_monsterinsights_sitenote_note":"","_monsterinsights_sitenote_category":0,"_uf_show_specific_survey":0,"_uf_disable_surveys":false},"product_cat":[25],"product_tag":[],"aioseo_notices":[],"jetpack_sharing_enabled":true,"_links":{"self":[{"href":"https:\/\/casadolivreiro.pt\/index.php\/wp-json\/wp\/v2\/product\/1439"}],"collection":[{"href":"https:\/\/casadolivreiro.pt\/index.php\/wp-json\/wp\/v2\/product"}],"about":[{"href":"https:\/\/casadolivreiro.pt\/index.php\/wp-json\/wp\/v2\/types\/product"}],"replies":[{"embeddable":true,"href":"https:\/\/casadolivreiro.pt\/index.php\/wp-json\/wp\/v2\/comments?post=1439"}],"wp:featuredmedia":[{"embeddable":true,"href":"https:\/\/casadolivreiro.pt\/index.php\/wp-json\/wp\/v2\/media\/1440"}],"wp:attachment":[{"href":"https:\/\/casadolivreiro.pt\/index.php\/wp-json\/wp\/v2\/media?parent=1439"}],"wp:term":[{"taxonomy":"product_cat","embeddable":true,"href":"https:\/\/casadolivreiro.pt\/index.php\/wp-json\/wp\/v2\/product_cat?post=1439"},{"taxonomy":"product_tag","embeddable":true,"href":"https:\/\/casadolivreiro.pt\/index.php\/wp-json\/wp\/v2\/product_tag?post=1439"}],"curies":[{"name":"wp","href":"https:\/\/api.w.org\/{rel}","templated":true}]}}