{"id":1437,"date":"2024-03-26T21:59:12","date_gmt":"2024-03-26T21:59:12","guid":{"rendered":"https:\/\/casadolivreiro.pt\/?post_type=product&#038;p=1437"},"modified":"2024-03-26T21:59:12","modified_gmt":"2024-03-26T21:59:12","slug":"galindez-manuel-vazquez-montalban","status":"publish","type":"product","link":"https:\/\/casadolivreiro.pt\/index.php\/product\/galindez-manuel-vazquez-montalban\/","title":{"rendered":"GAL\u00cdNDEZ &#8211; Manuel V\u00e1zquez Montalb\u00e1n"},"content":{"rendered":"<p>GAL\u00cdNDEZ<br \/>\nManuel V\u00e1zquez Montalb\u00e1n<br \/>\nISBN: 972-21-0909-X<br \/>\nAno de edi\u00e7\u00e3o: 1994<br \/>\nEditor: Editorial Caminho, S.A., Lisboa<br \/>\nIdioma: Portugu\u00eas<br \/>\nDimens\u00f5es: 13.7 x 2.1 x 21 cm<br \/>\nEncaderna\u00e7\u00e3o: Capa mole<br \/>\nP\u00e1ginas: 375<\/p>\n","protected":false},"excerpt":{"rendered":"<p>GAL\u00cdNDEZ Manuel V\u00e1zquez Montalb\u00e1n ISBN: 972-21-0909-X Ano de edi\u00e7\u00e3o: 1994 Editor: Editorial Caminho, S.A., Lisboa Idioma: Portugu\u00eas Dimens\u00f5es: 13.7 x 2.1 x 21 cm Encaderna\u00e7\u00e3o: Capa mole P\u00e1ginas: 375<\/p>\n","protected":false},"featured_media":1438,"comment_status":"open","ping_status":"closed","template":"","meta":{"om_disable_all_campaigns":false,"_monsterinsights_skip_tracking":false,"_monsterinsights_sitenote_active":false,"_monsterinsights_sitenote_note":"","_monsterinsights_sitenote_category":0,"_uf_show_specific_survey":0,"_uf_disable_surveys":false},"product_cat":[25],"product_tag":[],"aioseo_notices":[],"jetpack_sharing_enabled":true,"_links":{"self":[{"href":"https:\/\/casadolivreiro.pt\/index.php\/wp-json\/wp\/v2\/product\/1437"}],"collection":[{"href":"https:\/\/casadolivreiro.pt\/index.php\/wp-json\/wp\/v2\/product"}],"about":[{"href":"https:\/\/casadolivreiro.pt\/index.php\/wp-json\/wp\/v2\/types\/product"}],"replies":[{"embeddable":true,"href":"https:\/\/casadolivreiro.pt\/index.php\/wp-json\/wp\/v2\/comments?post=1437"}],"wp:featuredmedia":[{"embeddable":true,"href":"https:\/\/casadolivreiro.pt\/index.php\/wp-json\/wp\/v2\/media\/1438"}],"wp:attachment":[{"href":"https:\/\/casadolivreiro.pt\/index.php\/wp-json\/wp\/v2\/media?parent=1437"}],"wp:term":[{"taxonomy":"product_cat","embeddable":true,"href":"https:\/\/casadolivreiro.pt\/index.php\/wp-json\/wp\/v2\/product_cat?post=1437"},{"taxonomy":"product_tag","embeddable":true,"href":"https:\/\/casadolivreiro.pt\/index.php\/wp-json\/wp\/v2\/product_tag?post=1437"}],"curies":[{"name":"wp","href":"https:\/\/api.w.org\/{rel}","templated":true}]}}