{"id":1430,"date":"2024-03-26T21:47:48","date_gmt":"2024-03-26T21:47:48","guid":{"rendered":"https:\/\/casadolivreiro.pt\/?post_type=product&#038;p=1430"},"modified":"2024-03-26T21:47:48","modified_gmt":"2024-03-26T21:47:48","slug":"obras-completas-de-julio-dinis-teatro-i-o-casamento-da-condessa-de-amieira-o-ultimo-baile-do-sr-jose-da-cunha-os-aneis-ou-inconvenientes-de-amar-as-escuras-as-duas-cartas-similia-similibus","status":"publish","type":"product","link":"https:\/\/casadolivreiro.pt\/index.php\/product\/obras-completas-de-julio-dinis-teatro-i-o-casamento-da-condessa-de-amieira-o-ultimo-baile-do-sr-jose-da-cunha-os-aneis-ou-inconvenientes-de-amar-as-escuras-as-duas-cartas-similia-similibus\/","title":{"rendered":"OBRAS COMPLETAS DE J\u00daLIO DINIS: TEATRO I &#8211; O casamento da condessa de Amieira, O \u00faltimo baile do Sr. Jos\u00e9 da Cunha, Os an\u00e9is ou inconvenientes de amar \u00e0s escuras,  As duas cartas,  Similia similibus"},"content":{"rendered":"<p>OBRAS COMPLETAS DE J\u00daLIO DINIS: TEATRO I<br \/>\nO casamento da condessa de Amieira, O \u00faltimo baile do Sr. Jos\u00e9 da Cunha, Os an\u00e9is ou inconvenientes de amar \u00e0s escuras,\u00a0 As duas cartas,\u00a0 Similia similibus<br \/>\nISBN: 972-42-0663-7<br \/>\nAno de edi\u00e7\u00e3o: 1993<br \/>\nEditor: Circulo de Leitores, Lisboa<br \/>\nIdioma: Portugu\u00eas<br \/>\nDimens\u00f5es: 12 x 2.2 x 20 cm<br \/>\nEncaderna\u00e7\u00e3o: Capa dura<br \/>\nP\u00e1ginas: 334<\/p>\n","protected":false},"excerpt":{"rendered":"<p>OBRAS COMPLETAS DE J\u00daLIO DINIS: TEATRO I O casamento da condessa de Amieira, O \u00faltimo baile do Sr. Jos\u00e9 da Cunha, Os an\u00e9is ou inconvenientes de amar \u00e0s escuras,\u00a0 As duas cartas,\u00a0 Similia similibus ISBN: 972-42-0663-7 Ano de edi\u00e7\u00e3o: 1993 Editor: Circulo de Leitores, Lisboa Idioma: Portugu\u00eas Dimens\u00f5es: 12 x 2.2 x 20 cm Encaderna\u00e7\u00e3o: [&hellip;]<\/p>\n","protected":false},"featured_media":1429,"comment_status":"open","ping_status":"closed","template":"","meta":{"om_disable_all_campaigns":false,"_monsterinsights_skip_tracking":false,"_monsterinsights_sitenote_active":false,"_monsterinsights_sitenote_note":"","_monsterinsights_sitenote_category":0,"_uf_show_specific_survey":0,"_uf_disable_surveys":false},"product_cat":[25],"product_tag":[],"aioseo_notices":[],"jetpack_sharing_enabled":true,"_links":{"self":[{"href":"https:\/\/casadolivreiro.pt\/index.php\/wp-json\/wp\/v2\/product\/1430"}],"collection":[{"href":"https:\/\/casadolivreiro.pt\/index.php\/wp-json\/wp\/v2\/product"}],"about":[{"href":"https:\/\/casadolivreiro.pt\/index.php\/wp-json\/wp\/v2\/types\/product"}],"replies":[{"embeddable":true,"href":"https:\/\/casadolivreiro.pt\/index.php\/wp-json\/wp\/v2\/comments?post=1430"}],"wp:featuredmedia":[{"embeddable":true,"href":"https:\/\/casadolivreiro.pt\/index.php\/wp-json\/wp\/v2\/media\/1429"}],"wp:attachment":[{"href":"https:\/\/casadolivreiro.pt\/index.php\/wp-json\/wp\/v2\/media?parent=1430"}],"wp:term":[{"taxonomy":"product_cat","embeddable":true,"href":"https:\/\/casadolivreiro.pt\/index.php\/wp-json\/wp\/v2\/product_cat?post=1430"},{"taxonomy":"product_tag","embeddable":true,"href":"https:\/\/casadolivreiro.pt\/index.php\/wp-json\/wp\/v2\/product_tag?post=1430"}],"curies":[{"name":"wp","href":"https:\/\/api.w.org\/{rel}","templated":true}]}}