{"id":1428,"date":"2024-03-26T21:45:22","date_gmt":"2024-03-26T21:45:22","guid":{"rendered":"https:\/\/casadolivreiro.pt\/?post_type=product&#038;p=1428"},"modified":"2024-03-26T21:45:22","modified_gmt":"2024-03-26T21:45:22","slug":"obras-completas-de-julio-dinis-teatro-ii-um-rei-popular-um-segredo-de-familia-a-educanda-de-odivelas","status":"publish","type":"product","link":"https:\/\/casadolivreiro.pt\/index.php\/product\/obras-completas-de-julio-dinis-teatro-ii-um-rei-popular-um-segredo-de-familia-a-educanda-de-odivelas\/","title":{"rendered":"OBRAS COMPLETAS DE J\u00daLIO DINIS: TEATRO II Um Rei Popular, Um Segredo de Fam\u00edlia, A Educanda de Odivelas"},"content":{"rendered":"<p>OBRAS COMPLETAS DE J\u00daLIO DINIS: TEATRO II<br \/>\nUm Rei Popular, Um Segredo de Fam\u00edlia, A Educanda de Odivelas<br \/>\nISBN: 972-42-0663-7<br \/>\nAno de edi\u00e7\u00e3o: 1993<br \/>\nEditor: Circulo de Leitores, Lisboa<br \/>\nIdioma: Portugu\u00eas<br \/>\nDimens\u00f5es: 12 x 2.5 x 20 cm<br \/>\nEncaderna\u00e7\u00e3o: Capa dura<br \/>\nP\u00e1ginas: 405<\/p>\n","protected":false},"excerpt":{"rendered":"<p>OBRAS COMPLETAS DE J\u00daLIO DINIS: TEATRO II Um Rei Popular, Um Segredo de Fam\u00edlia, A Educanda de Odivelas ISBN: 972-42-0663-7 Ano de edi\u00e7\u00e3o: 1993 Editor: Circulo de Leitores, Lisboa Idioma: Portugu\u00eas Dimens\u00f5es: 12 x 2.5 x 20 cm Encaderna\u00e7\u00e3o: Capa dura P\u00e1ginas: 405<\/p>\n","protected":false},"featured_media":1429,"comment_status":"open","ping_status":"closed","template":"","meta":{"om_disable_all_campaigns":false,"_monsterinsights_skip_tracking":false,"_monsterinsights_sitenote_active":false,"_monsterinsights_sitenote_note":"","_monsterinsights_sitenote_category":0,"_uf_show_specific_survey":0,"_uf_disable_surveys":false},"product_cat":[25],"product_tag":[],"aioseo_notices":[],"jetpack_sharing_enabled":true,"_links":{"self":[{"href":"https:\/\/casadolivreiro.pt\/index.php\/wp-json\/wp\/v2\/product\/1428"}],"collection":[{"href":"https:\/\/casadolivreiro.pt\/index.php\/wp-json\/wp\/v2\/product"}],"about":[{"href":"https:\/\/casadolivreiro.pt\/index.php\/wp-json\/wp\/v2\/types\/product"}],"replies":[{"embeddable":true,"href":"https:\/\/casadolivreiro.pt\/index.php\/wp-json\/wp\/v2\/comments?post=1428"}],"wp:featuredmedia":[{"embeddable":true,"href":"https:\/\/casadolivreiro.pt\/index.php\/wp-json\/wp\/v2\/media\/1429"}],"wp:attachment":[{"href":"https:\/\/casadolivreiro.pt\/index.php\/wp-json\/wp\/v2\/media?parent=1428"}],"wp:term":[{"taxonomy":"product_cat","embeddable":true,"href":"https:\/\/casadolivreiro.pt\/index.php\/wp-json\/wp\/v2\/product_cat?post=1428"},{"taxonomy":"product_tag","embeddable":true,"href":"https:\/\/casadolivreiro.pt\/index.php\/wp-json\/wp\/v2\/product_tag?post=1428"}],"curies":[{"name":"wp","href":"https:\/\/api.w.org\/{rel}","templated":true}]}}