{"id":1422,"date":"2024-03-26T19:20:19","date_gmt":"2024-03-26T19:20:19","guid":{"rendered":"https:\/\/casadolivreiro.pt\/?post_type=product&#038;p=1422"},"modified":"2024-03-26T19:20:31","modified_gmt":"2024-03-26T19:20:31","slug":"acordar-com-a-boca-cheia-de-terra-miguel-barroso","status":"publish","type":"product","link":"https:\/\/casadolivreiro.pt\/index.php\/product\/acordar-com-a-boca-cheia-de-terra-miguel-barroso\/","title":{"rendered":"ACORDAR COM A BOCA CHEIA DE TERRA &#8211; Miguel Barroso"},"content":{"rendered":"<p>ACORDAR COM A BOCA CHEIA DE TERRA<br \/>\nMiguel Barroso<br \/>\nTradu\u00e7\u00e3o de Jorge Fallorca<br \/>\nISBN: 972-695-533-5<br \/>\nAno de edi\u00e7\u00e3o: 2003<br \/>\nEditor: Editorial Teorema Lda. Lisboa<br \/>\nIdioma: Portugu\u00eas<br \/>\nDimens\u00f5es: 16.5 x 2 x 23.3 cm<br \/>\nEncaderna\u00e7\u00e3o: Capa mole<br \/>\nP\u00e1ginas: 325<\/p>\n","protected":false},"excerpt":{"rendered":"<p>ACORDAR COM A BOCA CHEIA DE TERRA Miguel Barroso Tradu\u00e7\u00e3o de Jorge Fallorca ISBN: 972-695-533-5 Ano de edi\u00e7\u00e3o: 2003 Editor: Editorial Teorema Lda. Lisboa Idioma: Portugu\u00eas Dimens\u00f5es: 16.5 x 2 x 23.3 cm Encaderna\u00e7\u00e3o: Capa mole P\u00e1ginas: 325<\/p>\n","protected":false},"featured_media":1423,"comment_status":"open","ping_status":"closed","template":"","meta":{"om_disable_all_campaigns":false,"_monsterinsights_skip_tracking":false,"_monsterinsights_sitenote_active":false,"_monsterinsights_sitenote_note":"","_monsterinsights_sitenote_category":0,"_uf_show_specific_survey":0,"_uf_disable_surveys":false},"product_cat":[26],"product_tag":[],"aioseo_notices":[],"jetpack_sharing_enabled":true,"_links":{"self":[{"href":"https:\/\/casadolivreiro.pt\/index.php\/wp-json\/wp\/v2\/product\/1422"}],"collection":[{"href":"https:\/\/casadolivreiro.pt\/index.php\/wp-json\/wp\/v2\/product"}],"about":[{"href":"https:\/\/casadolivreiro.pt\/index.php\/wp-json\/wp\/v2\/types\/product"}],"replies":[{"embeddable":true,"href":"https:\/\/casadolivreiro.pt\/index.php\/wp-json\/wp\/v2\/comments?post=1422"}],"wp:featuredmedia":[{"embeddable":true,"href":"https:\/\/casadolivreiro.pt\/index.php\/wp-json\/wp\/v2\/media\/1423"}],"wp:attachment":[{"href":"https:\/\/casadolivreiro.pt\/index.php\/wp-json\/wp\/v2\/media?parent=1422"}],"wp:term":[{"taxonomy":"product_cat","embeddable":true,"href":"https:\/\/casadolivreiro.pt\/index.php\/wp-json\/wp\/v2\/product_cat?post=1422"},{"taxonomy":"product_tag","embeddable":true,"href":"https:\/\/casadolivreiro.pt\/index.php\/wp-json\/wp\/v2\/product_tag?post=1422"}],"curies":[{"name":"wp","href":"https:\/\/api.w.org\/{rel}","templated":true}]}}