{"id":1420,"date":"2024-03-26T19:15:49","date_gmt":"2024-03-26T19:15:49","guid":{"rendered":"https:\/\/casadolivreiro.pt\/?post_type=product&#038;p=1420"},"modified":"2024-03-26T19:15:50","modified_gmt":"2024-03-26T19:15:50","slug":"os-exercitos-de-paluzie-manuel-de-seabra","status":"publish","type":"product","link":"https:\/\/casadolivreiro.pt\/index.php\/product\/os-exercitos-de-paluzie-manuel-de-seabra\/","title":{"rendered":"OS EX\u00c9RCITOS DE PALUZIE &#8211; Manuel  de Seabra"},"content":{"rendered":"<p>OS EX\u00c9RCITOS DE PALUZIE<br \/>\nManuel\u00a0 de Seabra<br \/>\nAno de edi\u00e7\u00e3o: 1989 (Primeira edi\u00e7\u00e3o)<br \/>\nEditor: Circulo de Leitores, Lisboa<br \/>\nIdioma: Portugu\u00eas<br \/>\nDimens\u00f5es: 12 x 1.5 x 20 cm<br \/>\nEncaderna\u00e7\u00e3o: Capa dura<br \/>\nP\u00e1ginas: 192<\/p>\n","protected":false},"excerpt":{"rendered":"<p>OS EX\u00c9RCITOS DE PALUZIE Manuel\u00a0 de Seabra Ano de edi\u00e7\u00e3o: 1989 (Primeira edi\u00e7\u00e3o) Editor: Circulo de Leitores, Lisboa Idioma: Portugu\u00eas Dimens\u00f5es: 12 x 1.5 x 20 cm Encaderna\u00e7\u00e3o: Capa dura P\u00e1ginas: 192<\/p>\n","protected":false},"featured_media":1421,"comment_status":"open","ping_status":"closed","template":"","meta":{"om_disable_all_campaigns":false,"_monsterinsights_skip_tracking":false,"_monsterinsights_sitenote_active":false,"_monsterinsights_sitenote_note":"","_monsterinsights_sitenote_category":0,"_uf_show_specific_survey":0,"_uf_disable_surveys":false},"product_cat":[25],"product_tag":[],"aioseo_notices":[],"jetpack_sharing_enabled":true,"_links":{"self":[{"href":"https:\/\/casadolivreiro.pt\/index.php\/wp-json\/wp\/v2\/product\/1420"}],"collection":[{"href":"https:\/\/casadolivreiro.pt\/index.php\/wp-json\/wp\/v2\/product"}],"about":[{"href":"https:\/\/casadolivreiro.pt\/index.php\/wp-json\/wp\/v2\/types\/product"}],"replies":[{"embeddable":true,"href":"https:\/\/casadolivreiro.pt\/index.php\/wp-json\/wp\/v2\/comments?post=1420"}],"wp:featuredmedia":[{"embeddable":true,"href":"https:\/\/casadolivreiro.pt\/index.php\/wp-json\/wp\/v2\/media\/1421"}],"wp:attachment":[{"href":"https:\/\/casadolivreiro.pt\/index.php\/wp-json\/wp\/v2\/media?parent=1420"}],"wp:term":[{"taxonomy":"product_cat","embeddable":true,"href":"https:\/\/casadolivreiro.pt\/index.php\/wp-json\/wp\/v2\/product_cat?post=1420"},{"taxonomy":"product_tag","embeddable":true,"href":"https:\/\/casadolivreiro.pt\/index.php\/wp-json\/wp\/v2\/product_tag?post=1420"}],"curies":[{"name":"wp","href":"https:\/\/api.w.org\/{rel}","templated":true}]}}