{"id":1418,"date":"2024-03-26T19:12:30","date_gmt":"2024-03-26T19:12:30","guid":{"rendered":"https:\/\/casadolivreiro.pt\/?post_type=product&#038;p=1418"},"modified":"2024-03-26T19:12:30","modified_gmt":"2024-03-26T19:12:30","slug":"clarao-na-serra-francisco-marins","status":"publish","type":"product","link":"https:\/\/casadolivreiro.pt\/index.php\/product\/clarao-na-serra-francisco-marins\/","title":{"rendered":"CLAR\u00c3O NA SERRA &#8211; Francisco Marins"},"content":{"rendered":"<p>CLAR\u00c3O NA SERRA<br \/>\nFrancisco Marins<br \/>\nAno de edi\u00e7\u00e3o: 1973<br \/>\nEditor: Circulo do Livro S.A. S\u00e3o Paulo<br \/>\nIdioma: Portugu\u00eas<br \/>\nDimens\u00f5es: 12 x 2.2 x 20 cm<br \/>\nEncaderna\u00e7\u00e3o: Capa dura<br \/>\nP\u00e1ginas: 303<\/p>\n","protected":false},"excerpt":{"rendered":"<p>CLAR\u00c3O NA SERRA Francisco Marins Ano de edi\u00e7\u00e3o: 1973 Editor: Circulo do Livro S.A. S\u00e3o Paulo Idioma: Portugu\u00eas Dimens\u00f5es: 12 x 2.2 x 20 cm Encaderna\u00e7\u00e3o: Capa dura P\u00e1ginas: 303<\/p>\n","protected":false},"featured_media":1419,"comment_status":"open","ping_status":"closed","template":"","meta":{"om_disable_all_campaigns":false,"_monsterinsights_skip_tracking":false,"_monsterinsights_sitenote_active":false,"_monsterinsights_sitenote_note":"","_monsterinsights_sitenote_category":0,"_uf_show_specific_survey":0,"_uf_disable_surveys":false},"product_cat":[25],"product_tag":[],"aioseo_notices":[],"jetpack_sharing_enabled":true,"_links":{"self":[{"href":"https:\/\/casadolivreiro.pt\/index.php\/wp-json\/wp\/v2\/product\/1418"}],"collection":[{"href":"https:\/\/casadolivreiro.pt\/index.php\/wp-json\/wp\/v2\/product"}],"about":[{"href":"https:\/\/casadolivreiro.pt\/index.php\/wp-json\/wp\/v2\/types\/product"}],"replies":[{"embeddable":true,"href":"https:\/\/casadolivreiro.pt\/index.php\/wp-json\/wp\/v2\/comments?post=1418"}],"wp:featuredmedia":[{"embeddable":true,"href":"https:\/\/casadolivreiro.pt\/index.php\/wp-json\/wp\/v2\/media\/1419"}],"wp:attachment":[{"href":"https:\/\/casadolivreiro.pt\/index.php\/wp-json\/wp\/v2\/media?parent=1418"}],"wp:term":[{"taxonomy":"product_cat","embeddable":true,"href":"https:\/\/casadolivreiro.pt\/index.php\/wp-json\/wp\/v2\/product_cat?post=1418"},{"taxonomy":"product_tag","embeddable":true,"href":"https:\/\/casadolivreiro.pt\/index.php\/wp-json\/wp\/v2\/product_tag?post=1418"}],"curies":[{"name":"wp","href":"https:\/\/api.w.org\/{rel}","templated":true}]}}