{"id":1414,"date":"2024-03-26T19:05:24","date_gmt":"2024-03-26T19:05:24","guid":{"rendered":"https:\/\/casadolivreiro.pt\/?post_type=product&#038;p=1414"},"modified":"2024-03-26T19:05:24","modified_gmt":"2024-03-26T19:05:24","slug":"a-segunda-oportunidade-vitor-elias","status":"publish","type":"product","link":"https:\/\/casadolivreiro.pt\/index.php\/product\/a-segunda-oportunidade-vitor-elias\/","title":{"rendered":"A SEGUNDA OPORTUNIDADE Vitor Elias"},"content":{"rendered":"<p>A SEGUNDA OPORTUNIDADE<br \/>\nVitor Elias<br \/>\nISBN: 972-564-521-1<br \/>\nAno de edi\u00e7\u00e3o: 2002<br \/>\nEditor: Livros Quetzal, S.A.<br \/>\nIdioma: Portugu\u00eas<br \/>\nDimens\u00f5es: 13 x 1 x 23 cm<br \/>\nEncaderna\u00e7\u00e3o: Capa mole<br \/>\nP\u00e1ginas: 175<\/p>\n","protected":false},"excerpt":{"rendered":"<p>A SEGUNDA OPORTUNIDADE Vitor Elias ISBN: 972-564-521-1 Ano de edi\u00e7\u00e3o: 2002 Editor: Livros Quetzal, S.A. Idioma: Portugu\u00eas Dimens\u00f5es: 13 x 1 x 23 cm Encaderna\u00e7\u00e3o: Capa mole P\u00e1ginas: 175<\/p>\n","protected":false},"featured_media":1415,"comment_status":"open","ping_status":"closed","template":"","meta":{"om_disable_all_campaigns":false,"_monsterinsights_skip_tracking":false,"_monsterinsights_sitenote_active":false,"_monsterinsights_sitenote_note":"","_monsterinsights_sitenote_category":0,"_uf_show_specific_survey":0,"_uf_disable_surveys":false},"product_cat":[25],"product_tag":[],"aioseo_notices":[],"jetpack_sharing_enabled":true,"_links":{"self":[{"href":"https:\/\/casadolivreiro.pt\/index.php\/wp-json\/wp\/v2\/product\/1414"}],"collection":[{"href":"https:\/\/casadolivreiro.pt\/index.php\/wp-json\/wp\/v2\/product"}],"about":[{"href":"https:\/\/casadolivreiro.pt\/index.php\/wp-json\/wp\/v2\/types\/product"}],"replies":[{"embeddable":true,"href":"https:\/\/casadolivreiro.pt\/index.php\/wp-json\/wp\/v2\/comments?post=1414"}],"wp:featuredmedia":[{"embeddable":true,"href":"https:\/\/casadolivreiro.pt\/index.php\/wp-json\/wp\/v2\/media\/1415"}],"wp:attachment":[{"href":"https:\/\/casadolivreiro.pt\/index.php\/wp-json\/wp\/v2\/media?parent=1414"}],"wp:term":[{"taxonomy":"product_cat","embeddable":true,"href":"https:\/\/casadolivreiro.pt\/index.php\/wp-json\/wp\/v2\/product_cat?post=1414"},{"taxonomy":"product_tag","embeddable":true,"href":"https:\/\/casadolivreiro.pt\/index.php\/wp-json\/wp\/v2\/product_tag?post=1414"}],"curies":[{"name":"wp","href":"https:\/\/api.w.org\/{rel}","templated":true}]}}