{"id":1412,"date":"2024-03-26T19:01:55","date_gmt":"2024-03-26T19:01:55","guid":{"rendered":"https:\/\/casadolivreiro.pt\/?post_type=product&#038;p=1412"},"modified":"2026-01-11T14:45:47","modified_gmt":"2026-01-11T14:45:47","slug":"tao-veloz-como-o-desejo-laura-esquivel","status":"publish","type":"product","link":"https:\/\/casadolivreiro.pt\/index.php\/product\/tao-veloz-como-o-desejo-laura-esquivel\/","title":{"rendered":"T\u00c3O VELOZ COMO O DESEJO &#8211; Laura Esquivel"},"content":{"rendered":"<p>T\u00c3O VELOZ COMO O DESEJO<br \/>\nLaura Esquivel<br \/>\nTradu\u00e7\u00e3o de Helena Pitta<br \/>\nISBN: 972-41-2655-2<br \/>\nAno de edi\u00e7\u00e3o: 2002<br \/>\nEditor: ASA Editores II Lda. Porto<br \/>\nIdioma: Portugu\u00eas<br \/>\nDimens\u00f5es: 15.5 x 0.9 x 23.5 cm<br \/>\nEncaderna\u00e7\u00e3o: Capa mole<br \/>\nP\u00e1ginas: 128<\/p>\n","protected":false},"excerpt":{"rendered":"<p>T\u00c3O VELOZ COMO O DESEJO Laura Esquivel Tradu\u00e7\u00e3o de Helena Pitta ISBN: 972-41-2655-2 Ano de edi\u00e7\u00e3o: 2002 Editor: ASA Editores II Lda. Porto Idioma: Portugu\u00eas Dimens\u00f5es: 15.5 x 0.9 x 23.5 cm Encaderna\u00e7\u00e3o: Capa mole P\u00e1ginas: 128<\/p>\n","protected":false},"featured_media":1413,"comment_status":"open","ping_status":"closed","template":"","meta":{"om_disable_all_campaigns":false,"_monsterinsights_skip_tracking":false,"_monsterinsights_sitenote_active":false,"_monsterinsights_sitenote_note":"","_monsterinsights_sitenote_category":0,"_uf_show_specific_survey":0,"_uf_disable_surveys":false},"product_cat":[26,37],"product_tag":[],"aioseo_notices":[],"jetpack_sharing_enabled":true,"_links":{"self":[{"href":"https:\/\/casadolivreiro.pt\/index.php\/wp-json\/wp\/v2\/product\/1412"}],"collection":[{"href":"https:\/\/casadolivreiro.pt\/index.php\/wp-json\/wp\/v2\/product"}],"about":[{"href":"https:\/\/casadolivreiro.pt\/index.php\/wp-json\/wp\/v2\/types\/product"}],"replies":[{"embeddable":true,"href":"https:\/\/casadolivreiro.pt\/index.php\/wp-json\/wp\/v2\/comments?post=1412"}],"wp:featuredmedia":[{"embeddable":true,"href":"https:\/\/casadolivreiro.pt\/index.php\/wp-json\/wp\/v2\/media\/1413"}],"wp:attachment":[{"href":"https:\/\/casadolivreiro.pt\/index.php\/wp-json\/wp\/v2\/media?parent=1412"}],"wp:term":[{"taxonomy":"product_cat","embeddable":true,"href":"https:\/\/casadolivreiro.pt\/index.php\/wp-json\/wp\/v2\/product_cat?post=1412"},{"taxonomy":"product_tag","embeddable":true,"href":"https:\/\/casadolivreiro.pt\/index.php\/wp-json\/wp\/v2\/product_tag?post=1412"}],"curies":[{"name":"wp","href":"https:\/\/api.w.org\/{rel}","templated":true}]}}