{"id":1410,"date":"2024-03-26T18:58:39","date_gmt":"2024-03-26T18:58:39","guid":{"rendered":"https:\/\/casadolivreiro.pt\/?post_type=product&#038;p=1410"},"modified":"2024-03-26T18:58:39","modified_gmt":"2024-03-26T18:58:39","slug":"agriao-clara-pinto-correia","status":"publish","type":"product","link":"https:\/\/casadolivreiro.pt\/index.php\/product\/agriao-clara-pinto-correia\/","title":{"rendered":"AGRI\u00c3O! &#8211; Clara Pinto Correia"},"content":{"rendered":"<p>AGRI\u00c3O!<br \/>\nClara Pinto Correia<br \/>\nAno de edi\u00e7\u00e3o: 1989<br \/>\nEditor: Rel\u00f3gio D\u2019Agua Lda., Lisboa<br \/>\nIdioma: Portugu\u00eas<br \/>\nDimens\u00f5es: 14 x 0.7 x 20.5 cm<br \/>\nEncaderna\u00e7\u00e3o: Capa mole<br \/>\nP\u00e1ginas: 104<\/p>\n","protected":false},"excerpt":{"rendered":"<p>AGRI\u00c3O! Clara Pinto Correia Ano de edi\u00e7\u00e3o: 1989 Editor: Rel\u00f3gio D\u2019Agua Lda., Lisboa Idioma: Portugu\u00eas Dimens\u00f5es: 14 x 0.7 x 20.5 cm Encaderna\u00e7\u00e3o: Capa mole P\u00e1ginas: 104<\/p>\n","protected":false},"featured_media":1411,"comment_status":"open","ping_status":"closed","template":"","meta":{"om_disable_all_campaigns":false,"_monsterinsights_skip_tracking":false,"_monsterinsights_sitenote_active":false,"_monsterinsights_sitenote_note":"","_monsterinsights_sitenote_category":0,"_uf_show_specific_survey":0,"_uf_disable_surveys":false},"product_cat":[25],"product_tag":[],"aioseo_notices":[],"jetpack_sharing_enabled":true,"_links":{"self":[{"href":"https:\/\/casadolivreiro.pt\/index.php\/wp-json\/wp\/v2\/product\/1410"}],"collection":[{"href":"https:\/\/casadolivreiro.pt\/index.php\/wp-json\/wp\/v2\/product"}],"about":[{"href":"https:\/\/casadolivreiro.pt\/index.php\/wp-json\/wp\/v2\/types\/product"}],"replies":[{"embeddable":true,"href":"https:\/\/casadolivreiro.pt\/index.php\/wp-json\/wp\/v2\/comments?post=1410"}],"wp:featuredmedia":[{"embeddable":true,"href":"https:\/\/casadolivreiro.pt\/index.php\/wp-json\/wp\/v2\/media\/1411"}],"wp:attachment":[{"href":"https:\/\/casadolivreiro.pt\/index.php\/wp-json\/wp\/v2\/media?parent=1410"}],"wp:term":[{"taxonomy":"product_cat","embeddable":true,"href":"https:\/\/casadolivreiro.pt\/index.php\/wp-json\/wp\/v2\/product_cat?post=1410"},{"taxonomy":"product_tag","embeddable":true,"href":"https:\/\/casadolivreiro.pt\/index.php\/wp-json\/wp\/v2\/product_tag?post=1410"}],"curies":[{"name":"wp","href":"https:\/\/api.w.org\/{rel}","templated":true}]}}