{"id":141,"date":"2024-03-02T21:14:19","date_gmt":"2024-03-02T21:14:19","guid":{"rendered":"https:\/\/casadolivreiro.pt\/?post_type=product&#038;p=141"},"modified":"2024-03-02T21:18:24","modified_gmt":"2024-03-02T21:18:24","slug":"tabuas-dos-roteiros-da-india-de-d-joao-de-castro-codice-33-de-biblioteca-geral-da-universidade-de-coimbra-introducao-de-luis-de-albuquerque","status":"publish","type":"product","link":"https:\/\/casadolivreiro.pt\/index.php\/product\/tabuas-dos-roteiros-da-india-de-d-joao-de-castro-codice-33-de-biblioteca-geral-da-universidade-de-coimbra-introducao-de-luis-de-albuquerque\/","title":{"rendered":"T\u00c1BUAS DOS ROTEIROS DA \u00cdNDIA DE D. JO\u00c3O DE CASTRO Codice 33 de Biblioteca Geral da Universidade de Coimbra Introdu\u00e7\u00e3o de Luis de Albuquerque"},"content":{"rendered":"<p>T\u00c1BUAS DOS ROTEIROS DA \u00cdNDIA DE D. JO\u00c3O DE CASTRO<br \/>\nCodice 33 de Biblioteca Geral da Universidade de Coimbra Introdu\u00e7\u00e3o de Luis de Albuquerque<\/p>\n<p>Editor: Edi\u00e7\u00f5es INAPA, Lisboa<br \/>\nData de Lan\u00e7amento: 1988<br \/>\nIdioma:\u00a0 Portugu\u00eas<br \/>\nDimens\u00f5es:\u00a0 \u00a0 \u00a029.5 x 1.5 x 43.7cm<br \/>\nEncaderna\u00e7\u00e3o: Capa dura<br \/>\nP\u00e1ginas:\u00a0 47<\/p>\n<p>Encaderna\u00e7\u00e3o do editor em tela acondicionada dentro de estojo do editor.\u00a0Ilustrado com 29 das 31 t\u00e1buas ou gravuras quinhentistas aguareladas sobre papel.<br \/>\nSegundo a tradi\u00e7\u00e3o universit\u00e1ria tratam-se dos originais encomendados pelo Governador da \u00cdndia D. Jo\u00e3o de Castro a um artista profissional, a partir dos seus pr\u00f3prios apontamentos, e destinados a ilustrar os textos das suas obras conhecidas por Roteiro de Goa a Diu e o Roteiro do Mar Rox<\/p>\n","protected":false},"excerpt":{"rendered":"<p>T\u00c1BUAS DOS ROTEIROS DA \u00cdNDIA DE D. JO\u00c3O DE CASTRO Codice 33 de Biblioteca Geral da Universidade de Coimbra Introdu\u00e7\u00e3o de Luis de Albuquerque Editor: Edi\u00e7\u00f5es INAPA, Lisboa Data de Lan\u00e7amento: 1988 Idioma:\u00a0 Portugu\u00eas Dimens\u00f5es:\u00a0 \u00a0 \u00a029.5 x 1.5 x 43.7cm Encaderna\u00e7\u00e3o: Capa dura P\u00e1ginas:\u00a0 47 Encaderna\u00e7\u00e3o do editor em tela acondicionada dentro de estojo [&hellip;]<\/p>\n","protected":false},"featured_media":142,"comment_status":"open","ping_status":"closed","template":"","meta":{"om_disable_all_campaigns":false,"_monsterinsights_skip_tracking":false,"_monsterinsights_sitenote_active":false,"_monsterinsights_sitenote_note":"","_monsterinsights_sitenote_category":0,"_uf_show_specific_survey":0,"_uf_disable_surveys":false},"product_cat":[30,64,59,62],"product_tag":[],"aioseo_notices":[],"jetpack_sharing_enabled":true,"_links":{"self":[{"href":"https:\/\/casadolivreiro.pt\/index.php\/wp-json\/wp\/v2\/product\/141"}],"collection":[{"href":"https:\/\/casadolivreiro.pt\/index.php\/wp-json\/wp\/v2\/product"}],"about":[{"href":"https:\/\/casadolivreiro.pt\/index.php\/wp-json\/wp\/v2\/types\/product"}],"replies":[{"embeddable":true,"href":"https:\/\/casadolivreiro.pt\/index.php\/wp-json\/wp\/v2\/comments?post=141"}],"wp:featuredmedia":[{"embeddable":true,"href":"https:\/\/casadolivreiro.pt\/index.php\/wp-json\/wp\/v2\/media\/142"}],"wp:attachment":[{"href":"https:\/\/casadolivreiro.pt\/index.php\/wp-json\/wp\/v2\/media?parent=141"}],"wp:term":[{"taxonomy":"product_cat","embeddable":true,"href":"https:\/\/casadolivreiro.pt\/index.php\/wp-json\/wp\/v2\/product_cat?post=141"},{"taxonomy":"product_tag","embeddable":true,"href":"https:\/\/casadolivreiro.pt\/index.php\/wp-json\/wp\/v2\/product_tag?post=141"}],"curies":[{"name":"wp","href":"https:\/\/api.w.org\/{rel}","templated":true}]}}