{"id":1408,"date":"2024-03-26T18:56:11","date_gmt":"2024-03-26T18:56:11","guid":{"rendered":"https:\/\/casadolivreiro.pt\/?post_type=product&#038;p=1408"},"modified":"2024-03-26T18:56:11","modified_gmt":"2024-03-26T18:56:11","slug":"o-anao-mudo-as-aves-e-os-homens-francisca-onofre","status":"publish","type":"product","link":"https:\/\/casadolivreiro.pt\/index.php\/product\/o-anao-mudo-as-aves-e-os-homens-francisca-onofre\/","title":{"rendered":"O AN\u00c3O MUDO, AS AVES E OS HOMENS &#8211; Francisca Onofre"},"content":{"rendered":"<p>O AN\u00c3O MUDO, AS AVES E OS HOMENS<br \/>\nFrancisca Onofre<br \/>\nISBN: 978-989-625-198-7<br \/>\nAno de edi\u00e7\u00e3o: 2007 ( Primeira edi\u00e7\u00e3o)<br \/>\nEditor: Campo das Letras Editores S.A. Porto<br \/>\nIdioma: Portugu\u00eas<br \/>\nDimens\u00f5es: 13.5 x 1.3 x 21 cm<br \/>\nEncaderna\u00e7\u00e3o: Capa mole<br \/>\nP\u00e1ginas: 189<\/p>\n","protected":false},"excerpt":{"rendered":"<p>O AN\u00c3O MUDO, AS AVES E OS HOMENS Francisca Onofre ISBN: 978-989-625-198-7 Ano de edi\u00e7\u00e3o: 2007 ( Primeira edi\u00e7\u00e3o) Editor: Campo das Letras Editores S.A. Porto Idioma: Portugu\u00eas Dimens\u00f5es: 13.5 x 1.3 x 21 cm Encaderna\u00e7\u00e3o: Capa mole P\u00e1ginas: 189<\/p>\n","protected":false},"featured_media":1409,"comment_status":"open","ping_status":"closed","template":"","meta":{"om_disable_all_campaigns":false,"_monsterinsights_skip_tracking":false,"_monsterinsights_sitenote_active":false,"_monsterinsights_sitenote_note":"","_monsterinsights_sitenote_category":0,"_uf_show_specific_survey":0,"_uf_disable_surveys":false},"product_cat":[25],"product_tag":[],"aioseo_notices":[],"jetpack_sharing_enabled":true,"_links":{"self":[{"href":"https:\/\/casadolivreiro.pt\/index.php\/wp-json\/wp\/v2\/product\/1408"}],"collection":[{"href":"https:\/\/casadolivreiro.pt\/index.php\/wp-json\/wp\/v2\/product"}],"about":[{"href":"https:\/\/casadolivreiro.pt\/index.php\/wp-json\/wp\/v2\/types\/product"}],"replies":[{"embeddable":true,"href":"https:\/\/casadolivreiro.pt\/index.php\/wp-json\/wp\/v2\/comments?post=1408"}],"wp:featuredmedia":[{"embeddable":true,"href":"https:\/\/casadolivreiro.pt\/index.php\/wp-json\/wp\/v2\/media\/1409"}],"wp:attachment":[{"href":"https:\/\/casadolivreiro.pt\/index.php\/wp-json\/wp\/v2\/media?parent=1408"}],"wp:term":[{"taxonomy":"product_cat","embeddable":true,"href":"https:\/\/casadolivreiro.pt\/index.php\/wp-json\/wp\/v2\/product_cat?post=1408"},{"taxonomy":"product_tag","embeddable":true,"href":"https:\/\/casadolivreiro.pt\/index.php\/wp-json\/wp\/v2\/product_tag?post=1408"}],"curies":[{"name":"wp","href":"https:\/\/api.w.org\/{rel}","templated":true}]}}