{"id":1406,"date":"2024-03-26T18:28:18","date_gmt":"2024-03-26T18:28:18","guid":{"rendered":"https:\/\/casadolivreiro.pt\/?post_type=product&#038;p=1406"},"modified":"2024-03-26T18:28:18","modified_gmt":"2024-03-26T18:28:18","slug":"doze-casamentos-felizes-camilo-castelo-branco","status":"publish","type":"product","link":"https:\/\/casadolivreiro.pt\/index.php\/product\/doze-casamentos-felizes-camilo-castelo-branco\/","title":{"rendered":"DOZE CASAMENTOS FELIZES &#8211; Camilo Castelo Branco"},"content":{"rendered":"<p>DOZE CASAMENTOS FELIZES<br \/>\nCamilo Castelo Branco<br \/>\nAno de edi\u00e7\u00e3o: 1979<br \/>\nEditor: Parceria A. M. Pereira Lda., Lisboa<br \/>\nIdioma: Portugu\u00eas<br \/>\nDimens\u00f5es: 12 .3 x 1.5 x 19.3 cm<br \/>\nEncaderna\u00e7\u00e3o: Capa mole<br \/>\nP\u00e1ginas: 260<\/p>\n","protected":false},"excerpt":{"rendered":"<p>DOZE CASAMENTOS FELIZES Camilo Castelo Branco Ano de edi\u00e7\u00e3o: 1979 Editor: Parceria A. M. Pereira Lda., Lisboa Idioma: Portugu\u00eas Dimens\u00f5es: 12 .3 x 1.5 x 19.3 cm Encaderna\u00e7\u00e3o: Capa mole P\u00e1ginas: 260<\/p>\n","protected":false},"featured_media":1407,"comment_status":"open","ping_status":"closed","template":"","meta":{"om_disable_all_campaigns":false,"_monsterinsights_skip_tracking":false,"_monsterinsights_sitenote_active":false,"_monsterinsights_sitenote_note":"","_monsterinsights_sitenote_category":0,"_uf_show_specific_survey":0,"_uf_disable_surveys":false},"product_cat":[25],"product_tag":[],"aioseo_notices":[],"jetpack_sharing_enabled":true,"_links":{"self":[{"href":"https:\/\/casadolivreiro.pt\/index.php\/wp-json\/wp\/v2\/product\/1406"}],"collection":[{"href":"https:\/\/casadolivreiro.pt\/index.php\/wp-json\/wp\/v2\/product"}],"about":[{"href":"https:\/\/casadolivreiro.pt\/index.php\/wp-json\/wp\/v2\/types\/product"}],"replies":[{"embeddable":true,"href":"https:\/\/casadolivreiro.pt\/index.php\/wp-json\/wp\/v2\/comments?post=1406"}],"wp:featuredmedia":[{"embeddable":true,"href":"https:\/\/casadolivreiro.pt\/index.php\/wp-json\/wp\/v2\/media\/1407"}],"wp:attachment":[{"href":"https:\/\/casadolivreiro.pt\/index.php\/wp-json\/wp\/v2\/media?parent=1406"}],"wp:term":[{"taxonomy":"product_cat","embeddable":true,"href":"https:\/\/casadolivreiro.pt\/index.php\/wp-json\/wp\/v2\/product_cat?post=1406"},{"taxonomy":"product_tag","embeddable":true,"href":"https:\/\/casadolivreiro.pt\/index.php\/wp-json\/wp\/v2\/product_tag?post=1406"}],"curies":[{"name":"wp","href":"https:\/\/api.w.org\/{rel}","templated":true}]}}