{"id":1402,"date":"2024-03-26T18:19:50","date_gmt":"2024-03-26T18:19:50","guid":{"rendered":"https:\/\/casadolivreiro.pt\/?post_type=product&#038;p=1402"},"modified":"2024-03-26T18:19:51","modified_gmt":"2024-03-26T18:19:51","slug":"a-estrela-de-goncalo-enes-rosa-lobato-de-faria","status":"publish","type":"product","link":"https:\/\/casadolivreiro.pt\/index.php\/product\/a-estrela-de-goncalo-enes-rosa-lobato-de-faria\/","title":{"rendered":"A ESTRELA DE GON\u00c7ALO ENES &#8211; Rosa Lobato de Faria"},"content":{"rendered":"<p>A ESTRELA DE GON\u00c7ALO ENES<br \/>\nRosa Lobato de Faria<br \/>\nISBN: 978-989-552-280-4<br \/>\nAno de edi\u00e7\u00e3o: 2007 ( Primeira edi\u00e7\u00e3o)<br \/>\nEditor: Quasi Edi\u00e7\u00f5es, Lisboa<br \/>\nIdioma: Portugu\u00eas<br \/>\nDimens\u00f5es: 13.3 x 1.5 x 20.3 cm<br \/>\nEncaderna\u00e7\u00e3o: Capa mole<br \/>\nP\u00e1ginas: 221<\/p>\n","protected":false},"excerpt":{"rendered":"<p>A ESTRELA DE GON\u00c7ALO ENES Rosa Lobato de Faria ISBN: 978-989-552-280-4 Ano de edi\u00e7\u00e3o: 2007 ( Primeira edi\u00e7\u00e3o) Editor: Quasi Edi\u00e7\u00f5es, Lisboa Idioma: Portugu\u00eas Dimens\u00f5es: 13.3 x 1.5 x 20.3 cm Encaderna\u00e7\u00e3o: Capa mole P\u00e1ginas: 221<\/p>\n","protected":false},"featured_media":1404,"comment_status":"open","ping_status":"closed","template":"","meta":{"om_disable_all_campaigns":false,"_monsterinsights_skip_tracking":false,"_monsterinsights_sitenote_active":false,"_monsterinsights_sitenote_note":"","_monsterinsights_sitenote_category":0,"_uf_show_specific_survey":0,"_uf_disable_surveys":false},"product_cat":[25],"product_tag":[],"aioseo_notices":[],"jetpack_sharing_enabled":true,"_links":{"self":[{"href":"https:\/\/casadolivreiro.pt\/index.php\/wp-json\/wp\/v2\/product\/1402"}],"collection":[{"href":"https:\/\/casadolivreiro.pt\/index.php\/wp-json\/wp\/v2\/product"}],"about":[{"href":"https:\/\/casadolivreiro.pt\/index.php\/wp-json\/wp\/v2\/types\/product"}],"replies":[{"embeddable":true,"href":"https:\/\/casadolivreiro.pt\/index.php\/wp-json\/wp\/v2\/comments?post=1402"}],"wp:featuredmedia":[{"embeddable":true,"href":"https:\/\/casadolivreiro.pt\/index.php\/wp-json\/wp\/v2\/media\/1404"}],"wp:attachment":[{"href":"https:\/\/casadolivreiro.pt\/index.php\/wp-json\/wp\/v2\/media?parent=1402"}],"wp:term":[{"taxonomy":"product_cat","embeddable":true,"href":"https:\/\/casadolivreiro.pt\/index.php\/wp-json\/wp\/v2\/product_cat?post=1402"},{"taxonomy":"product_tag","embeddable":true,"href":"https:\/\/casadolivreiro.pt\/index.php\/wp-json\/wp\/v2\/product_tag?post=1402"}],"curies":[{"name":"wp","href":"https:\/\/api.w.org\/{rel}","templated":true}]}}