{"id":1399,"date":"2024-03-26T18:14:51","date_gmt":"2024-03-26T18:14:51","guid":{"rendered":"https:\/\/casadolivreiro.pt\/?post_type=product&#038;p=1399"},"modified":"2024-03-26T18:14:52","modified_gmt":"2024-03-26T18:14:52","slug":"desculpe-la-mae-cartas-na-mesa-rita-ferro-marta-gautier","status":"publish","type":"product","link":"https:\/\/casadolivreiro.pt\/index.php\/product\/desculpe-la-mae-cartas-na-mesa-rita-ferro-marta-gautier\/","title":{"rendered":"DESCULPE L\u00c1, M\u00c3E: Cartas na mesa &#8211; Rita Ferro, Marta Gautier"},"content":{"rendered":"<p>DESCULPE L\u00c1, M\u00c3E: Cartas na mesa<br \/>\nRita Ferro, Marta Gautier<br \/>\nISBN: 972-575-235-X<br \/>\nAno de edi\u00e7\u00e3o: 1998 ( Primeira edi\u00e7\u00e3o)<br \/>\nEditor: Contexto Editora Lda, Lisboa<br \/>\nIdioma: Portugu\u00eas<br \/>\nDimens\u00f5es: 12 x 1.8 x 20 cm<br \/>\nEncaderna\u00e7\u00e3o: Capa mole<br \/>\nP\u00e1ginas: 262<\/p>\n","protected":false},"excerpt":{"rendered":"<p>DESCULPE L\u00c1, M\u00c3E: Cartas na mesa Rita Ferro, Marta Gautier ISBN: 972-575-235-X Ano de edi\u00e7\u00e3o: 1998 ( Primeira edi\u00e7\u00e3o) Editor: Contexto Editora Lda, Lisboa Idioma: Portugu\u00eas Dimens\u00f5es: 12 x 1.8 x 20 cm Encaderna\u00e7\u00e3o: Capa mole P\u00e1ginas: 262<\/p>\n","protected":false},"featured_media":1401,"comment_status":"open","ping_status":"closed","template":"","meta":{"om_disable_all_campaigns":false,"_monsterinsights_skip_tracking":false,"_monsterinsights_sitenote_active":false,"_monsterinsights_sitenote_note":"","_monsterinsights_sitenote_category":0,"_uf_show_specific_survey":0,"_uf_disable_surveys":false},"product_cat":[25],"product_tag":[],"aioseo_notices":[],"jetpack_sharing_enabled":true,"_links":{"self":[{"href":"https:\/\/casadolivreiro.pt\/index.php\/wp-json\/wp\/v2\/product\/1399"}],"collection":[{"href":"https:\/\/casadolivreiro.pt\/index.php\/wp-json\/wp\/v2\/product"}],"about":[{"href":"https:\/\/casadolivreiro.pt\/index.php\/wp-json\/wp\/v2\/types\/product"}],"replies":[{"embeddable":true,"href":"https:\/\/casadolivreiro.pt\/index.php\/wp-json\/wp\/v2\/comments?post=1399"}],"wp:featuredmedia":[{"embeddable":true,"href":"https:\/\/casadolivreiro.pt\/index.php\/wp-json\/wp\/v2\/media\/1401"}],"wp:attachment":[{"href":"https:\/\/casadolivreiro.pt\/index.php\/wp-json\/wp\/v2\/media?parent=1399"}],"wp:term":[{"taxonomy":"product_cat","embeddable":true,"href":"https:\/\/casadolivreiro.pt\/index.php\/wp-json\/wp\/v2\/product_cat?post=1399"},{"taxonomy":"product_tag","embeddable":true,"href":"https:\/\/casadolivreiro.pt\/index.php\/wp-json\/wp\/v2\/product_tag?post=1399"}],"curies":[{"name":"wp","href":"https:\/\/api.w.org\/{rel}","templated":true}]}}