{"id":1395,"date":"2024-03-26T18:05:15","date_gmt":"2024-03-26T18:05:15","guid":{"rendered":"https:\/\/casadolivreiro.pt\/?post_type=product&#038;p=1395"},"modified":"2024-03-26T18:05:15","modified_gmt":"2024-03-26T18:05:15","slug":"o-estranho-caso-de-sebastiao-moncada-misterio-paixao-e-coragem-no-tempo-das-guerras-liberais-joao-pedro-marques","status":"publish","type":"product","link":"https:\/\/casadolivreiro.pt\/index.php\/product\/o-estranho-caso-de-sebastiao-moncada-misterio-paixao-e-coragem-no-tempo-das-guerras-liberais-joao-pedro-marques\/","title":{"rendered":"O ESTRANHO CASO DE SEBASTI\u00c3O MONCADA: Mist\u00e9rio, Paix\u00e3o e Coragem no Tempo das Guerras liberais &#8211; Jo\u00e3o Pedro Marques"},"content":{"rendered":"<p>O ESTRANHO CASO DE SEBASTI\u00c3O MONCADA: Mist\u00e9rio, Paix\u00e3o e Coragem no Tempo das Guerras liberais<br \/>\nJo\u00e3o Pedro Marques<br \/>\nISBN: 978-972-0-04495-2<br \/>\nAno de edi\u00e7\u00e3o: 2014 (Primeira edi\u00e7\u00e3o)<br \/>\nEditor: Porto Editora, Porto<br \/>\nIdioma: Portugu\u00eas<br \/>\nDimens\u00f5es: 15 x 2.2 x 23.5 cm<br \/>\nEncaderna\u00e7\u00e3o: Capa mole<br \/>\nP\u00e1ginas: 336<\/p>\n","protected":false},"excerpt":{"rendered":"<p>O ESTRANHO CASO DE SEBASTI\u00c3O MONCADA: Mist\u00e9rio, Paix\u00e3o e Coragem no Tempo das Guerras liberais Jo\u00e3o Pedro Marques ISBN: 978-972-0-04495-2 Ano de edi\u00e7\u00e3o: 2014 (Primeira edi\u00e7\u00e3o) Editor: Porto Editora, Porto Idioma: Portugu\u00eas Dimens\u00f5es: 15 x 2.2 x 23.5 cm Encaderna\u00e7\u00e3o: Capa mole P\u00e1ginas: 336<\/p>\n","protected":false},"featured_media":1396,"comment_status":"open","ping_status":"closed","template":"","meta":{"om_disable_all_campaigns":false,"_monsterinsights_skip_tracking":false,"_monsterinsights_sitenote_active":false,"_monsterinsights_sitenote_note":"","_monsterinsights_sitenote_category":0,"_uf_show_specific_survey":0,"_uf_disable_surveys":false},"product_cat":[25,38],"product_tag":[],"aioseo_notices":[],"jetpack_sharing_enabled":true,"_links":{"self":[{"href":"https:\/\/casadolivreiro.pt\/index.php\/wp-json\/wp\/v2\/product\/1395"}],"collection":[{"href":"https:\/\/casadolivreiro.pt\/index.php\/wp-json\/wp\/v2\/product"}],"about":[{"href":"https:\/\/casadolivreiro.pt\/index.php\/wp-json\/wp\/v2\/types\/product"}],"replies":[{"embeddable":true,"href":"https:\/\/casadolivreiro.pt\/index.php\/wp-json\/wp\/v2\/comments?post=1395"}],"wp:featuredmedia":[{"embeddable":true,"href":"https:\/\/casadolivreiro.pt\/index.php\/wp-json\/wp\/v2\/media\/1396"}],"wp:attachment":[{"href":"https:\/\/casadolivreiro.pt\/index.php\/wp-json\/wp\/v2\/media?parent=1395"}],"wp:term":[{"taxonomy":"product_cat","embeddable":true,"href":"https:\/\/casadolivreiro.pt\/index.php\/wp-json\/wp\/v2\/product_cat?post=1395"},{"taxonomy":"product_tag","embeddable":true,"href":"https:\/\/casadolivreiro.pt\/index.php\/wp-json\/wp\/v2\/product_tag?post=1395"}],"curies":[{"name":"wp","href":"https:\/\/api.w.org\/{rel}","templated":true}]}}