{"id":1393,"date":"2024-03-26T17:57:46","date_gmt":"2024-03-26T17:57:46","guid":{"rendered":"https:\/\/casadolivreiro.pt\/?post_type=product&#038;p=1393"},"modified":"2024-03-26T17:57:46","modified_gmt":"2024-03-26T17:57:46","slug":"sei-la-margarida-rebelo-pinto-2","status":"publish","type":"product","link":"https:\/\/casadolivreiro.pt\/index.php\/product\/sei-la-margarida-rebelo-pinto-2\/","title":{"rendered":"SEI L\u00c1 &#8211; Margarida Rebelo Pinto"},"content":{"rendered":"<p>SEI L\u00c1<br \/>\nMargarida Rebelo Pinto<br \/>\nISBN: 972-42-2220-9<br \/>\nAno de edi\u00e7\u00e3o: 2000<br \/>\nEditor: Circulo de Leitores, Lisboa<br \/>\nIdioma: Portugu\u00eas<br \/>\nDimens\u00f5es: 12 x 1.5 x 20 cm<br \/>\nEncaderna\u00e7\u00e3o: Capa dura<br \/>\nP\u00e1ginas: 201<\/p>\n","protected":false},"excerpt":{"rendered":"<p>SEI L\u00c1 Margarida Rebelo Pinto ISBN: 972-42-2220-9 Ano de edi\u00e7\u00e3o: 2000 Editor: Circulo de Leitores, Lisboa Idioma: Portugu\u00eas Dimens\u00f5es: 12 x 1.5 x 20 cm Encaderna\u00e7\u00e3o: Capa dura P\u00e1ginas: 201<\/p>\n","protected":false},"featured_media":1394,"comment_status":"open","ping_status":"closed","template":"","meta":{"om_disable_all_campaigns":false,"_monsterinsights_skip_tracking":false,"_monsterinsights_sitenote_active":false,"_monsterinsights_sitenote_note":"","_monsterinsights_sitenote_category":0,"_uf_show_specific_survey":0,"_uf_disable_surveys":false},"product_cat":[25],"product_tag":[],"aioseo_notices":[],"jetpack_sharing_enabled":true,"_links":{"self":[{"href":"https:\/\/casadolivreiro.pt\/index.php\/wp-json\/wp\/v2\/product\/1393"}],"collection":[{"href":"https:\/\/casadolivreiro.pt\/index.php\/wp-json\/wp\/v2\/product"}],"about":[{"href":"https:\/\/casadolivreiro.pt\/index.php\/wp-json\/wp\/v2\/types\/product"}],"replies":[{"embeddable":true,"href":"https:\/\/casadolivreiro.pt\/index.php\/wp-json\/wp\/v2\/comments?post=1393"}],"wp:featuredmedia":[{"embeddable":true,"href":"https:\/\/casadolivreiro.pt\/index.php\/wp-json\/wp\/v2\/media\/1394"}],"wp:attachment":[{"href":"https:\/\/casadolivreiro.pt\/index.php\/wp-json\/wp\/v2\/media?parent=1393"}],"wp:term":[{"taxonomy":"product_cat","embeddable":true,"href":"https:\/\/casadolivreiro.pt\/index.php\/wp-json\/wp\/v2\/product_cat?post=1393"},{"taxonomy":"product_tag","embeddable":true,"href":"https:\/\/casadolivreiro.pt\/index.php\/wp-json\/wp\/v2\/product_tag?post=1393"}],"curies":[{"name":"wp","href":"https:\/\/api.w.org\/{rel}","templated":true}]}}