{"id":1389,"date":"2024-03-26T17:50:24","date_gmt":"2024-03-26T17:50:24","guid":{"rendered":"https:\/\/casadolivreiro.pt\/?post_type=product&#038;p=1389"},"modified":"2024-03-26T17:50:24","modified_gmt":"2024-03-26T17:50:24","slug":"tritao-romeu-correia","status":"publish","type":"product","link":"https:\/\/casadolivreiro.pt\/index.php\/product\/tritao-romeu-correia\/","title":{"rendered":"TRIT\u00c3O &#8211; Romeu Correia"},"content":{"rendered":"<p>TRIT\u00c3O<br \/>\nRomeu Correia<br \/>\nAno de edi\u00e7\u00e3o: 1988<br \/>\nEditor: Editorial Not\u00edcias<br \/>\nIdioma: Portugu\u00eas<br \/>\nDimens\u00f5es: 14 x 1.4 x 21 cm<br \/>\nEncaderna\u00e7\u00e3o: Capa mole<br \/>\nP\u00e1ginas: 164<\/p>\n<p>Neste romance passado no Cais do Ginjal s\u00e3o referidas duas oper\u00e1rias, m\u00e3e e filha, da f\u00e1brica La Paloma \u2013 Ester e a Ermelinda<\/p>\n<p>\u201cM\u00e3e e filha vieram de Peniche e viviam ali num barrac\u00e3o, paredes meias com a f\u00e1brica, talvez uma dezena de oper\u00e1rias, encamadas naquele ex\u00edguo pardieiro, como sardinha em lata, como \u00e9 uso dizer-se.\u201d p. 29<\/p>\n<p>\u201cO apito da f\u00e1brica La Paloma berrou violento e prolongado, e o pessoal come\u00e7ou a sair para o almo\u00e7o.\u201d p. 61<\/p>\n<p>\u201c(\u2026) um buque descarregava peixe para a f\u00e1brica La Paloma. As varinas andavam num vaiv\u00e9m, giga sobre o touti\u00e7o, regresso ao cais para atestar de novo\u2026\u201d p. 112<\/p>\n<p>&nbsp;<\/p>\n","protected":false},"excerpt":{"rendered":"<p>TRIT\u00c3O Romeu Correia Ano de edi\u00e7\u00e3o: 1988 Editor: Editorial Not\u00edcias Idioma: Portugu\u00eas Dimens\u00f5es: 14 x 1.4 x 21 cm Encaderna\u00e7\u00e3o: Capa mole P\u00e1ginas: 164 Neste romance passado no Cais do Ginjal s\u00e3o referidas duas oper\u00e1rias, m\u00e3e e filha, da f\u00e1brica La Paloma \u2013 Ester e a Ermelinda \u201cM\u00e3e e filha vieram de Peniche e viviam [&hellip;]<\/p>\n","protected":false},"featured_media":1390,"comment_status":"open","ping_status":"closed","template":"","meta":{"om_disable_all_campaigns":false,"_monsterinsights_skip_tracking":false,"_monsterinsights_sitenote_active":false,"_monsterinsights_sitenote_note":"","_monsterinsights_sitenote_category":0,"_uf_show_specific_survey":0,"_uf_disable_surveys":false},"product_cat":[34],"product_tag":[],"aioseo_notices":[],"jetpack_sharing_enabled":true,"_links":{"self":[{"href":"https:\/\/casadolivreiro.pt\/index.php\/wp-json\/wp\/v2\/product\/1389"}],"collection":[{"href":"https:\/\/casadolivreiro.pt\/index.php\/wp-json\/wp\/v2\/product"}],"about":[{"href":"https:\/\/casadolivreiro.pt\/index.php\/wp-json\/wp\/v2\/types\/product"}],"replies":[{"embeddable":true,"href":"https:\/\/casadolivreiro.pt\/index.php\/wp-json\/wp\/v2\/comments?post=1389"}],"wp:featuredmedia":[{"embeddable":true,"href":"https:\/\/casadolivreiro.pt\/index.php\/wp-json\/wp\/v2\/media\/1390"}],"wp:attachment":[{"href":"https:\/\/casadolivreiro.pt\/index.php\/wp-json\/wp\/v2\/media?parent=1389"}],"wp:term":[{"taxonomy":"product_cat","embeddable":true,"href":"https:\/\/casadolivreiro.pt\/index.php\/wp-json\/wp\/v2\/product_cat?post=1389"},{"taxonomy":"product_tag","embeddable":true,"href":"https:\/\/casadolivreiro.pt\/index.php\/wp-json\/wp\/v2\/product_tag?post=1389"}],"curies":[{"name":"wp","href":"https:\/\/api.w.org\/{rel}","templated":true}]}}