{"id":1383,"date":"2024-03-26T17:38:51","date_gmt":"2024-03-26T17:38:51","guid":{"rendered":"https:\/\/casadolivreiro.pt\/?post_type=product&#038;p=1383"},"modified":"2024-03-26T17:38:51","modified_gmt":"2024-03-26T17:38:51","slug":"as-minhas-gemeas-cronica-de-uma-gravidez-inesquecivel-ana-marques","status":"publish","type":"product","link":"https:\/\/casadolivreiro.pt\/index.php\/product\/as-minhas-gemeas-cronica-de-uma-gravidez-inesquecivel-ana-marques\/","title":{"rendered":"AS MINHAS G\u00c9MEAS: CR\u00d3NICA DE UMA GRAVIDEZ INESQUEC\u00cdVEL &#8211; Ana Marques"},"content":{"rendered":"<p>AS MINHAS G\u00c9MEAS: CR\u00d3NICA DE UMA GRAVIDEZ INESQUEC\u00cdVEL<br \/>\nAna Marques<br \/>\nISBN: 978-989-702-112-1<br \/>\nAno de edi\u00e7\u00e3o: 2014 ( Primeira edi\u00e7\u00e3o)<br \/>\nEditor: Guerra e Paz, Editores, S.A. Lisboa<br \/>\nIdioma: Portugu\u00eas<br \/>\nDimens\u00f5es: 15 x 1.3 x 23 cm<br \/>\nEncaderna\u00e7\u00e3o: Capa mole<br \/>\nP\u00e1ginas: 206<\/p>\n","protected":false},"excerpt":{"rendered":"<p>AS MINHAS G\u00c9MEAS: CR\u00d3NICA DE UMA GRAVIDEZ INESQUEC\u00cdVEL Ana Marques ISBN: 978-989-702-112-1 Ano de edi\u00e7\u00e3o: 2014 ( Primeira edi\u00e7\u00e3o) Editor: Guerra e Paz, Editores, S.A. Lisboa Idioma: Portugu\u00eas Dimens\u00f5es: 15 x 1.3 x 23 cm Encaderna\u00e7\u00e3o: Capa mole P\u00e1ginas: 206<\/p>\n","protected":false},"featured_media":1384,"comment_status":"open","ping_status":"closed","template":"","meta":{"om_disable_all_campaigns":false,"_monsterinsights_skip_tracking":false,"_monsterinsights_sitenote_active":false,"_monsterinsights_sitenote_note":"","_monsterinsights_sitenote_category":0,"_uf_show_specific_survey":0,"_uf_disable_surveys":false},"product_cat":[36],"product_tag":[],"aioseo_notices":[],"jetpack_sharing_enabled":true,"_links":{"self":[{"href":"https:\/\/casadolivreiro.pt\/index.php\/wp-json\/wp\/v2\/product\/1383"}],"collection":[{"href":"https:\/\/casadolivreiro.pt\/index.php\/wp-json\/wp\/v2\/product"}],"about":[{"href":"https:\/\/casadolivreiro.pt\/index.php\/wp-json\/wp\/v2\/types\/product"}],"replies":[{"embeddable":true,"href":"https:\/\/casadolivreiro.pt\/index.php\/wp-json\/wp\/v2\/comments?post=1383"}],"wp:featuredmedia":[{"embeddable":true,"href":"https:\/\/casadolivreiro.pt\/index.php\/wp-json\/wp\/v2\/media\/1384"}],"wp:attachment":[{"href":"https:\/\/casadolivreiro.pt\/index.php\/wp-json\/wp\/v2\/media?parent=1383"}],"wp:term":[{"taxonomy":"product_cat","embeddable":true,"href":"https:\/\/casadolivreiro.pt\/index.php\/wp-json\/wp\/v2\/product_cat?post=1383"},{"taxonomy":"product_tag","embeddable":true,"href":"https:\/\/casadolivreiro.pt\/index.php\/wp-json\/wp\/v2\/product_tag?post=1383"}],"curies":[{"name":"wp","href":"https:\/\/api.w.org\/{rel}","templated":true}]}}