{"id":1373,"date":"2024-03-26T17:24:21","date_gmt":"2024-03-26T17:24:21","guid":{"rendered":"https:\/\/casadolivreiro.pt\/?post_type=product&#038;p=1373"},"modified":"2024-03-26T17:24:21","modified_gmt":"2024-03-26T17:24:21","slug":"a-decima-ilha-carlos-moreira-araujo","status":"publish","type":"product","link":"https:\/\/casadolivreiro.pt\/index.php\/product\/a-decima-ilha-carlos-moreira-araujo\/","title":{"rendered":"A D\u00c9CIMA ILHA &#8211; Carlos Moreira Ara\u00fajo"},"content":{"rendered":"<p>A D\u00c9CIMA ILHA<br \/>\nCarlos Moreira Ara\u00fajo<br \/>\nISBN: 972-99058-0-0<br \/>\nPrimeira edi\u00e7\u00e3o.<br \/>\nAno de edi\u00e7\u00e3o: 2003<br \/>\nEditor: Cotma Lda. Lisboa<br \/>\nIdioma: Portugu\u00eas<br \/>\nDimens\u00f5es: 14.5 x 1.3 x 20.5 cm<br \/>\nEncaderna\u00e7\u00e3o: Capa mole<br \/>\nP\u00e1ginas: 191<\/p>\n","protected":false},"excerpt":{"rendered":"<p>A D\u00c9CIMA ILHA Carlos Moreira Ara\u00fajo ISBN: 972-99058-0-0 Primeira edi\u00e7\u00e3o. Ano de edi\u00e7\u00e3o: 2003 Editor: Cotma Lda. Lisboa Idioma: Portugu\u00eas Dimens\u00f5es: 14.5 x 1.3 x 20.5 cm Encaderna\u00e7\u00e3o: Capa mole P\u00e1ginas: 191<\/p>\n","protected":false},"featured_media":1375,"comment_status":"open","ping_status":"closed","template":"","meta":{"om_disable_all_campaigns":false,"_monsterinsights_skip_tracking":false,"_monsterinsights_sitenote_active":false,"_monsterinsights_sitenote_note":"","_monsterinsights_sitenote_category":0,"_uf_show_specific_survey":0,"_uf_disable_surveys":false},"product_cat":[25],"product_tag":[],"aioseo_notices":[],"jetpack_sharing_enabled":true,"_links":{"self":[{"href":"https:\/\/casadolivreiro.pt\/index.php\/wp-json\/wp\/v2\/product\/1373"}],"collection":[{"href":"https:\/\/casadolivreiro.pt\/index.php\/wp-json\/wp\/v2\/product"}],"about":[{"href":"https:\/\/casadolivreiro.pt\/index.php\/wp-json\/wp\/v2\/types\/product"}],"replies":[{"embeddable":true,"href":"https:\/\/casadolivreiro.pt\/index.php\/wp-json\/wp\/v2\/comments?post=1373"}],"wp:featuredmedia":[{"embeddable":true,"href":"https:\/\/casadolivreiro.pt\/index.php\/wp-json\/wp\/v2\/media\/1375"}],"wp:attachment":[{"href":"https:\/\/casadolivreiro.pt\/index.php\/wp-json\/wp\/v2\/media?parent=1373"}],"wp:term":[{"taxonomy":"product_cat","embeddable":true,"href":"https:\/\/casadolivreiro.pt\/index.php\/wp-json\/wp\/v2\/product_cat?post=1373"},{"taxonomy":"product_tag","embeddable":true,"href":"https:\/\/casadolivreiro.pt\/index.php\/wp-json\/wp\/v2\/product_tag?post=1373"}],"curies":[{"name":"wp","href":"https:\/\/api.w.org\/{rel}","templated":true}]}}