{"id":1371,"date":"2024-03-26T17:17:31","date_gmt":"2024-03-26T17:17:31","guid":{"rendered":"https:\/\/casadolivreiro.pt\/?post_type=product&#038;p=1371"},"modified":"2024-03-26T17:17:32","modified_gmt":"2024-03-26T17:17:32","slug":"obras-completas-vol-2-romance-jose-de-almada-negreiros","status":"publish","type":"product","link":"https:\/\/casadolivreiro.pt\/index.php\/product\/obras-completas-vol-2-romance-jose-de-almada-negreiros\/","title":{"rendered":"OBRAS COMPLETAS: Vol 2 &#8211; ROMANCE &#8211; Jos\u00e9 de Almada Negreiros"},"content":{"rendered":"<p>OBRAS COMPLETAS: Vol 2 &#8211; ROMANCE<br \/>\nJos\u00e9 de Almada Negreiros<br \/>\nAno de edi\u00e7\u00e3o: 1971<br \/>\nEditor: Editorial Estampa, Lisboa<br \/>\nIdioma: Portugu\u00eas<br \/>\nDimens\u00f5es: 13.5 x 1.5 x 18.5 cm<br \/>\nEncaderna\u00e7\u00e3o: Capa mole<br \/>\nP\u00e1ginas: 225<\/p>\n","protected":false},"excerpt":{"rendered":"<p>OBRAS COMPLETAS: Vol 2 &#8211; ROMANCE Jos\u00e9 de Almada Negreiros Ano de edi\u00e7\u00e3o: 1971 Editor: Editorial Estampa, Lisboa Idioma: Portugu\u00eas Dimens\u00f5es: 13.5 x 1.5 x 18.5 cm Encaderna\u00e7\u00e3o: Capa mole P\u00e1ginas: 225<\/p>\n","protected":false},"featured_media":1372,"comment_status":"open","ping_status":"closed","template":"","meta":{"om_disable_all_campaigns":false,"_monsterinsights_skip_tracking":false,"_monsterinsights_sitenote_active":false,"_monsterinsights_sitenote_note":"","_monsterinsights_sitenote_category":0,"_uf_show_specific_survey":0,"_uf_disable_surveys":false},"product_cat":[25,37],"product_tag":[],"aioseo_notices":[],"jetpack_sharing_enabled":true,"_links":{"self":[{"href":"https:\/\/casadolivreiro.pt\/index.php\/wp-json\/wp\/v2\/product\/1371"}],"collection":[{"href":"https:\/\/casadolivreiro.pt\/index.php\/wp-json\/wp\/v2\/product"}],"about":[{"href":"https:\/\/casadolivreiro.pt\/index.php\/wp-json\/wp\/v2\/types\/product"}],"replies":[{"embeddable":true,"href":"https:\/\/casadolivreiro.pt\/index.php\/wp-json\/wp\/v2\/comments?post=1371"}],"wp:featuredmedia":[{"embeddable":true,"href":"https:\/\/casadolivreiro.pt\/index.php\/wp-json\/wp\/v2\/media\/1372"}],"wp:attachment":[{"href":"https:\/\/casadolivreiro.pt\/index.php\/wp-json\/wp\/v2\/media?parent=1371"}],"wp:term":[{"taxonomy":"product_cat","embeddable":true,"href":"https:\/\/casadolivreiro.pt\/index.php\/wp-json\/wp\/v2\/product_cat?post=1371"},{"taxonomy":"product_tag","embeddable":true,"href":"https:\/\/casadolivreiro.pt\/index.php\/wp-json\/wp\/v2\/product_tag?post=1371"}],"curies":[{"name":"wp","href":"https:\/\/api.w.org\/{rel}","templated":true}]}}