{"id":1365,"date":"2024-03-26T17:00:43","date_gmt":"2024-03-26T17:00:43","guid":{"rendered":"https:\/\/casadolivreiro.pt\/?post_type=product&#038;p=1365"},"modified":"2024-03-26T17:00:43","modified_gmt":"2024-03-26T17:00:43","slug":"sauvage-farandole-a-paimpol-michel-courat","status":"publish","type":"product","link":"https:\/\/casadolivreiro.pt\/index.php\/product\/sauvage-farandole-a-paimpol-michel-courat\/","title":{"rendered":"SAUVAGE FARANDOLE \u00c0 PAIMPOL &#8211; Michel Courat"},"content":{"rendered":"<p>SAUVAGE FARANDOLE \u00c0 PAIMPOL<br \/>\nMichel Courat<br \/>\nISBN: 978-2-35550-098-5<br \/>\nAno de edi\u00e7\u00e3o:\u00a0 2011<br \/>\nEditor: Editions Alain Bargain, France<br \/>\nIdioma: Franc\u00eas<br \/>\nDimens\u00f5es: 11 x 2.1 x 18 cm<br \/>\nEncaderna\u00e7\u00e3o: Capa mole<br \/>\nP\u00e1ginas: 383<\/p>\n","protected":false},"excerpt":{"rendered":"<p>SAUVAGE FARANDOLE \u00c0 PAIMPOL Michel Courat ISBN: 978-2-35550-098-5 Ano de edi\u00e7\u00e3o:\u00a0 2011 Editor: Editions Alain Bargain, France Idioma: Franc\u00eas Dimens\u00f5es: 11 x 2.1 x 18 cm Encaderna\u00e7\u00e3o: Capa mole P\u00e1ginas: 383<\/p>\n","protected":false},"featured_media":1366,"comment_status":"open","ping_status":"closed","template":"","meta":{"om_disable_all_campaigns":false,"_monsterinsights_skip_tracking":false,"_monsterinsights_sitenote_active":false,"_monsterinsights_sitenote_note":"","_monsterinsights_sitenote_category":0,"_uf_show_specific_survey":0,"_uf_disable_surveys":false},"product_cat":[56],"product_tag":[],"aioseo_notices":[],"jetpack_sharing_enabled":true,"_links":{"self":[{"href":"https:\/\/casadolivreiro.pt\/index.php\/wp-json\/wp\/v2\/product\/1365"}],"collection":[{"href":"https:\/\/casadolivreiro.pt\/index.php\/wp-json\/wp\/v2\/product"}],"about":[{"href":"https:\/\/casadolivreiro.pt\/index.php\/wp-json\/wp\/v2\/types\/product"}],"replies":[{"embeddable":true,"href":"https:\/\/casadolivreiro.pt\/index.php\/wp-json\/wp\/v2\/comments?post=1365"}],"wp:featuredmedia":[{"embeddable":true,"href":"https:\/\/casadolivreiro.pt\/index.php\/wp-json\/wp\/v2\/media\/1366"}],"wp:attachment":[{"href":"https:\/\/casadolivreiro.pt\/index.php\/wp-json\/wp\/v2\/media?parent=1365"}],"wp:term":[{"taxonomy":"product_cat","embeddable":true,"href":"https:\/\/casadolivreiro.pt\/index.php\/wp-json\/wp\/v2\/product_cat?post=1365"},{"taxonomy":"product_tag","embeddable":true,"href":"https:\/\/casadolivreiro.pt\/index.php\/wp-json\/wp\/v2\/product_tag?post=1365"}],"curies":[{"name":"wp","href":"https:\/\/api.w.org\/{rel}","templated":true}]}}