{"id":135,"date":"2024-03-02T20:32:12","date_gmt":"2024-03-02T20:32:12","guid":{"rendered":"https:\/\/casadolivreiro.pt\/?post_type=product&#038;p=135"},"modified":"2024-03-29T00:58:52","modified_gmt":"2024-03-29T00:58:52","slug":"a-velhice-instruida-e-destruida-propoem-se-em-forma-de-dialogo-p-manoel-consciencia","status":"publish","type":"product","link":"https:\/\/casadolivreiro.pt\/index.php\/product\/a-velhice-instruida-e-destruida-propoem-se-em-forma-de-dialogo-p-manoel-consciencia\/","title":{"rendered":"A VELHICE INSTRUIDA, E DESTRUIDA: PROPOEM-SE EM FORMA DE DIALOGO  P. Manoel Consciencia"},"content":{"rendered":"<p>A VELHICE INSTRUIDA, E DESTRUIDA: PROPOEM-SE EM FORMA DE DIALOGO com gravissimas senten\u00e7as, singulares exemplos, e todi o genero de erudi\u00e7a\u00f5 os muitos privilegios, que lhe competem, e a ennobrecem; as virtuozas instruc\u00e7oens, de que necessita para se dirigir, e recta se conservar; e os vicios, que moralmente a prosana\u00f5, e destroem, para os fogir.<br \/>\nEditor: Regia Officina SYLVIANA, e da Academia Real, Lisboa<br \/>\nData de Lan\u00e7amento:\u00a0 1765<br \/>\nIdioma:\u00a0 Portugu\u00eas<br \/>\nDimens\u00f5es: 14.5cm x 2.5cm x 20cm<br \/>\nEncaderna\u00e7\u00e3o: Capa dura<br \/>\nP\u00e1ginas: 423<\/p>\n","protected":false},"excerpt":{"rendered":"<p>A VELHICE INSTRUIDA, E DESTRUIDA: PROPOEM-SE EM FORMA DE DIALOGO com gravissimas senten\u00e7as, singulares exemplos, e todi o genero de erudi\u00e7a\u00f5 os muitos privilegios, que lhe competem, e a ennobrecem; as virtuozas instruc\u00e7oens, de que necessita para se dirigir, e recta se conservar; e os vicios, que moralmente a prosana\u00f5, e destroem, para os fogir. [&hellip;]<\/p>\n","protected":false},"featured_media":138,"comment_status":"open","ping_status":"closed","template":"","meta":{"om_disable_all_campaigns":false,"_monsterinsights_skip_tracking":false,"_monsterinsights_sitenote_active":false,"_monsterinsights_sitenote_note":"","_monsterinsights_sitenote_category":0,"_uf_show_specific_survey":0,"_uf_disable_surveys":false},"product_cat":[33,60,62,54],"product_tag":[],"aioseo_notices":[],"jetpack_sharing_enabled":true,"_links":{"self":[{"href":"https:\/\/casadolivreiro.pt\/index.php\/wp-json\/wp\/v2\/product\/135"}],"collection":[{"href":"https:\/\/casadolivreiro.pt\/index.php\/wp-json\/wp\/v2\/product"}],"about":[{"href":"https:\/\/casadolivreiro.pt\/index.php\/wp-json\/wp\/v2\/types\/product"}],"replies":[{"embeddable":true,"href":"https:\/\/casadolivreiro.pt\/index.php\/wp-json\/wp\/v2\/comments?post=135"}],"wp:featuredmedia":[{"embeddable":true,"href":"https:\/\/casadolivreiro.pt\/index.php\/wp-json\/wp\/v2\/media\/138"}],"wp:attachment":[{"href":"https:\/\/casadolivreiro.pt\/index.php\/wp-json\/wp\/v2\/media?parent=135"}],"wp:term":[{"taxonomy":"product_cat","embeddable":true,"href":"https:\/\/casadolivreiro.pt\/index.php\/wp-json\/wp\/v2\/product_cat?post=135"},{"taxonomy":"product_tag","embeddable":true,"href":"https:\/\/casadolivreiro.pt\/index.php\/wp-json\/wp\/v2\/product_tag?post=135"}],"curies":[{"name":"wp","href":"https:\/\/api.w.org\/{rel}","templated":true}]}}