{"id":1325,"date":"2024-03-26T15:22:39","date_gmt":"2024-03-26T15:22:39","guid":{"rendered":"https:\/\/casadolivreiro.pt\/?post_type=product&#038;p=1325"},"modified":"2024-03-26T15:22:39","modified_gmt":"2024-03-26T15:22:39","slug":"um-mundo-perdido-henri-bosco","status":"publish","type":"product","link":"https:\/\/casadolivreiro.pt\/index.php\/product\/um-mundo-perdido-henri-bosco\/","title":{"rendered":"UM MUNDO PERDIDO &#8211; Henri Bosco"},"content":{"rendered":"<p>UM MUNDO PERDIDO<br \/>\nHenri Bosco<br \/>\nTradu\u00e7\u00e3o de Maria Helena da Costa Dias<br \/>\nAno de edi\u00e7\u00e3o: 1966?<br \/>\nEditor: Portugalia Editora, Lisboa<br \/>\nIdioma: Portugu\u00eas<br \/>\nDimens\u00f5es: 12 x 1.4 x 19.2 cm<br \/>\nEncaderna\u00e7\u00e3o: Capa mole<br \/>\nP\u00e1ginas: 211<\/p>\n","protected":false},"excerpt":{"rendered":"<p>UM MUNDO PERDIDO Henri Bosco Tradu\u00e7\u00e3o de Maria Helena da Costa Dias Ano de edi\u00e7\u00e3o: 1966? Editor: Portugalia Editora, Lisboa Idioma: Portugu\u00eas Dimens\u00f5es: 12 x 1.4 x 19.2 cm Encaderna\u00e7\u00e3o: Capa mole P\u00e1ginas: 211<\/p>\n","protected":false},"featured_media":1326,"comment_status":"open","ping_status":"closed","template":"","meta":{"om_disable_all_campaigns":false,"_monsterinsights_skip_tracking":false,"_monsterinsights_sitenote_active":false,"_monsterinsights_sitenote_note":"","_monsterinsights_sitenote_category":0,"_uf_show_specific_survey":0,"_uf_disable_surveys":false},"product_cat":[34,26],"product_tag":[],"aioseo_notices":[],"jetpack_sharing_enabled":true,"_links":{"self":[{"href":"https:\/\/casadolivreiro.pt\/index.php\/wp-json\/wp\/v2\/product\/1325"}],"collection":[{"href":"https:\/\/casadolivreiro.pt\/index.php\/wp-json\/wp\/v2\/product"}],"about":[{"href":"https:\/\/casadolivreiro.pt\/index.php\/wp-json\/wp\/v2\/types\/product"}],"replies":[{"embeddable":true,"href":"https:\/\/casadolivreiro.pt\/index.php\/wp-json\/wp\/v2\/comments?post=1325"}],"wp:featuredmedia":[{"embeddable":true,"href":"https:\/\/casadolivreiro.pt\/index.php\/wp-json\/wp\/v2\/media\/1326"}],"wp:attachment":[{"href":"https:\/\/casadolivreiro.pt\/index.php\/wp-json\/wp\/v2\/media?parent=1325"}],"wp:term":[{"taxonomy":"product_cat","embeddable":true,"href":"https:\/\/casadolivreiro.pt\/index.php\/wp-json\/wp\/v2\/product_cat?post=1325"},{"taxonomy":"product_tag","embeddable":true,"href":"https:\/\/casadolivreiro.pt\/index.php\/wp-json\/wp\/v2\/product_tag?post=1325"}],"curies":[{"name":"wp","href":"https:\/\/api.w.org\/{rel}","templated":true}]}}