{"id":1314,"date":"2024-03-26T14:58:10","date_gmt":"2024-03-26T14:58:10","guid":{"rendered":"https:\/\/casadolivreiro.pt\/?post_type=product&#038;p=1314"},"modified":"2024-03-26T14:59:24","modified_gmt":"2024-03-26T14:59:24","slug":"alma-manuel-alegre","status":"publish","type":"product","link":"https:\/\/casadolivreiro.pt\/index.php\/product\/alma-manuel-alegre\/","title":{"rendered":"ALMA &#8211; Manuel Alegre"},"content":{"rendered":"<p>ALMA<br \/>\nManuel Alegre<br \/>\nISBN: 978-972-20-3535-4<br \/>\nAno de edi\u00e7\u00e3o: 2008 (Primeira edi\u00e7\u00e3o)<br \/>\nEditor: Publica\u00e7\u00f5es Dom Quixote, Lisboa<br \/>\nIdioma: Portugu\u00eas<br \/>\nDimens\u00f5es: 12.5 x 1 x 19 cm<br \/>\nEncaderna\u00e7\u00e3o: Capa mole<br \/>\nP\u00e1ginas: 172<\/p>\n","protected":false},"excerpt":{"rendered":"<p>ALMA Manuel Alegre ISBN: 978-972-20-3535-4 Ano de edi\u00e7\u00e3o: 2008 (Primeira edi\u00e7\u00e3o) Editor: Publica\u00e7\u00f5es Dom Quixote, Lisboa Idioma: Portugu\u00eas Dimens\u00f5es: 12.5 x 1 x 19 cm Encaderna\u00e7\u00e3o: Capa mole P\u00e1ginas: 172<\/p>\n","protected":false},"featured_media":1315,"comment_status":"open","ping_status":"closed","template":"","meta":{"om_disable_all_campaigns":false,"_monsterinsights_skip_tracking":false,"_monsterinsights_sitenote_active":false,"_monsterinsights_sitenote_note":"","_monsterinsights_sitenote_category":0,"_uf_show_specific_survey":0,"_uf_disable_surveys":false},"product_cat":[25],"product_tag":[],"aioseo_notices":[],"jetpack_sharing_enabled":true,"_links":{"self":[{"href":"https:\/\/casadolivreiro.pt\/index.php\/wp-json\/wp\/v2\/product\/1314"}],"collection":[{"href":"https:\/\/casadolivreiro.pt\/index.php\/wp-json\/wp\/v2\/product"}],"about":[{"href":"https:\/\/casadolivreiro.pt\/index.php\/wp-json\/wp\/v2\/types\/product"}],"replies":[{"embeddable":true,"href":"https:\/\/casadolivreiro.pt\/index.php\/wp-json\/wp\/v2\/comments?post=1314"}],"wp:featuredmedia":[{"embeddable":true,"href":"https:\/\/casadolivreiro.pt\/index.php\/wp-json\/wp\/v2\/media\/1315"}],"wp:attachment":[{"href":"https:\/\/casadolivreiro.pt\/index.php\/wp-json\/wp\/v2\/media?parent=1314"}],"wp:term":[{"taxonomy":"product_cat","embeddable":true,"href":"https:\/\/casadolivreiro.pt\/index.php\/wp-json\/wp\/v2\/product_cat?post=1314"},{"taxonomy":"product_tag","embeddable":true,"href":"https:\/\/casadolivreiro.pt\/index.php\/wp-json\/wp\/v2\/product_tag?post=1314"}],"curies":[{"name":"wp","href":"https:\/\/api.w.org\/{rel}","templated":true}]}}