{"id":1310,"date":"2024-03-26T14:50:27","date_gmt":"2024-03-26T14:50:27","guid":{"rendered":"https:\/\/casadolivreiro.pt\/?post_type=product&#038;p=1310"},"modified":"2026-01-11T15:57:40","modified_gmt":"2026-01-11T15:57:40","slug":"a-maquina-do-arcanjo-frederico-lourenco","status":"publish","type":"product","link":"https:\/\/casadolivreiro.pt\/index.php\/product\/a-maquina-do-arcanjo-frederico-lourenco\/","title":{"rendered":"A M\u00c1QUINA DO ARCANJO &#8211; Frederico Louren\u00e7o"},"content":{"rendered":"<p>A M\u00c1QUINA DO ARCANJO<br \/>\nFrederico Louren\u00e7o<br \/>\nISBN: 972-795-159-8<br \/>\nAno de edi\u00e7\u00e3o: 2006<br \/>\nEditor: Edi\u00e7\u00f5es Cotovia, Lda. Lisboa<br \/>\nIdioma: Portugu\u00eas<br \/>\nDimens\u00f5es: 13 x 1 x 20.5 cm<br \/>\nEncaderna\u00e7\u00e3o: Capa mole<br \/>\nP\u00e1ginas: 96<\/p>\n<p>SINOPSE<\/p>\n<p>Em A M\u00e1quina do Arcanjo, Frederico Louren\u00e7o prossegue a narrativa semi-autobiogr\u00e1fica iniciada em Amar n\u00e3o acaba. O jovem narrador v\u00ea-se agora a bra\u00e7os com um amor de caix\u00e3o \u00e0 cova e com o processo doloroso que o transformaria de m\u00fasico em helenista.<\/p>\n","protected":false},"excerpt":{"rendered":"<p>A M\u00c1QUINA DO ARCANJO Frederico Louren\u00e7o ISBN: 972-795-159-8 Ano de edi\u00e7\u00e3o: 2006 Editor: Edi\u00e7\u00f5es Cotovia, Lda. Lisboa Idioma: Portugu\u00eas Dimens\u00f5es: 13 x 1 x 20.5 cm Encaderna\u00e7\u00e3o: Capa mole P\u00e1ginas: 96 SINOPSE Em A M\u00e1quina do Arcanjo, Frederico Louren\u00e7o prossegue a narrativa semi-autobiogr\u00e1fica iniciada em Amar n\u00e3o acaba. O jovem narrador v\u00ea-se agora a bra\u00e7os [&hellip;]<\/p>\n","protected":false},"featured_media":1311,"comment_status":"open","ping_status":"closed","template":"","meta":{"om_disable_all_campaigns":false,"_monsterinsights_skip_tracking":false,"_monsterinsights_sitenote_active":false,"_monsterinsights_sitenote_note":"","_monsterinsights_sitenote_category":0,"_uf_show_specific_survey":0,"_uf_disable_surveys":false},"product_cat":[25],"product_tag":[],"aioseo_notices":[],"jetpack_sharing_enabled":true,"_links":{"self":[{"href":"https:\/\/casadolivreiro.pt\/index.php\/wp-json\/wp\/v2\/product\/1310"}],"collection":[{"href":"https:\/\/casadolivreiro.pt\/index.php\/wp-json\/wp\/v2\/product"}],"about":[{"href":"https:\/\/casadolivreiro.pt\/index.php\/wp-json\/wp\/v2\/types\/product"}],"replies":[{"embeddable":true,"href":"https:\/\/casadolivreiro.pt\/index.php\/wp-json\/wp\/v2\/comments?post=1310"}],"wp:featuredmedia":[{"embeddable":true,"href":"https:\/\/casadolivreiro.pt\/index.php\/wp-json\/wp\/v2\/media\/1311"}],"wp:attachment":[{"href":"https:\/\/casadolivreiro.pt\/index.php\/wp-json\/wp\/v2\/media?parent=1310"}],"wp:term":[{"taxonomy":"product_cat","embeddable":true,"href":"https:\/\/casadolivreiro.pt\/index.php\/wp-json\/wp\/v2\/product_cat?post=1310"},{"taxonomy":"product_tag","embeddable":true,"href":"https:\/\/casadolivreiro.pt\/index.php\/wp-json\/wp\/v2\/product_tag?post=1310"}],"curies":[{"name":"wp","href":"https:\/\/api.w.org\/{rel}","templated":true}]}}