{"id":131,"date":"2024-03-02T20:12:51","date_gmt":"2024-03-02T20:12:51","guid":{"rendered":"https:\/\/casadolivreiro.pt\/?post_type=product&#038;p=131"},"modified":"2024-03-02T20:17:35","modified_gmt":"2024-03-02T20:17:35","slug":"arte-poetica-de-q-horacio-flacco-traduzida-e-illustrada-em-portuguez-por-candido-lusitano","status":"publish","type":"product","link":"https:\/\/casadolivreiro.pt\/index.php\/product\/arte-poetica-de-q-horacio-flacco-traduzida-e-illustrada-em-portuguez-por-candido-lusitano\/","title":{"rendered":"ARTE POETICA de Q. Horacio Flacco traduzida e illustrada em portuguez por Candido Lusitano"},"content":{"rendered":"<p>Segunda Edi\u00e7ao, na Officina Rollandiana, 1778, Com licen\u00e7a da Real Meza Censoria<br \/>\nData de Lan\u00e7amento: 1778<br \/>\nIdioma:\u00a0 Portugu\u00eas<br \/>\nDimens\u00f5es:\u00a0\u00a0\u00a0\u00a011.6cm x 2.7cm x 17.7cm<br \/>\nEncaderna\u00e7\u00e3o: Capa dura<br \/>\nP\u00e1ginas: 255<\/p>\n<p>&nbsp;<\/p>\n","protected":false},"excerpt":{"rendered":"<p>Segunda Edi\u00e7ao, na Officina Rollandiana, 1778, Com licen\u00e7a da Real Meza Censoria Data de Lan\u00e7amento: 1778 Idioma:\u00a0 Portugu\u00eas Dimens\u00f5es:\u00a0\u00a0\u00a0\u00a011.6cm x 2.7cm x 17.7cm Encaderna\u00e7\u00e3o: Capa dura P\u00e1ginas: 255 &nbsp;<\/p>\n","protected":false},"featured_media":132,"comment_status":"open","ping_status":"closed","template":"","meta":{"om_disable_all_campaigns":false,"_monsterinsights_skip_tracking":false,"_monsterinsights_sitenote_active":false,"_monsterinsights_sitenote_note":"","_monsterinsights_sitenote_category":0,"_uf_show_specific_survey":0,"_uf_disable_surveys":false},"product_cat":[60,62,27],"product_tag":[],"aioseo_notices":[],"jetpack_sharing_enabled":true,"_links":{"self":[{"href":"https:\/\/casadolivreiro.pt\/index.php\/wp-json\/wp\/v2\/product\/131"}],"collection":[{"href":"https:\/\/casadolivreiro.pt\/index.php\/wp-json\/wp\/v2\/product"}],"about":[{"href":"https:\/\/casadolivreiro.pt\/index.php\/wp-json\/wp\/v2\/types\/product"}],"replies":[{"embeddable":true,"href":"https:\/\/casadolivreiro.pt\/index.php\/wp-json\/wp\/v2\/comments?post=131"}],"wp:featuredmedia":[{"embeddable":true,"href":"https:\/\/casadolivreiro.pt\/index.php\/wp-json\/wp\/v2\/media\/132"}],"wp:attachment":[{"href":"https:\/\/casadolivreiro.pt\/index.php\/wp-json\/wp\/v2\/media?parent=131"}],"wp:term":[{"taxonomy":"product_cat","embeddable":true,"href":"https:\/\/casadolivreiro.pt\/index.php\/wp-json\/wp\/v2\/product_cat?post=131"},{"taxonomy":"product_tag","embeddable":true,"href":"https:\/\/casadolivreiro.pt\/index.php\/wp-json\/wp\/v2\/product_tag?post=131"}],"curies":[{"name":"wp","href":"https:\/\/api.w.org\/{rel}","templated":true}]}}