{"id":1308,"date":"2024-03-26T14:47:09","date_gmt":"2024-03-26T14:47:09","guid":{"rendered":"https:\/\/casadolivreiro.pt\/?post_type=product&#038;p=1308"},"modified":"2024-03-26T14:47:09","modified_gmt":"2024-03-26T14:47:09","slug":"abismo-luz-que-dissipa-as-trevas-sandra-carneiro-pelo-espirito-bento-jose","status":"publish","type":"product","link":"https:\/\/casadolivreiro.pt\/index.php\/product\/abismo-luz-que-dissipa-as-trevas-sandra-carneiro-pelo-espirito-bento-jose\/","title":{"rendered":"ABISMO: LUZ QUE DISSIPA AS TREVAS &#8211; Sandra Carneiro pelo esp\u00edrito Bento Jos\u00e9"},"content":{"rendered":"<p>ABISMO: LUZ QUE DISSIPA AS TREVAS<br \/>\nSandra Carneiro pelo esp\u00edrito Bento Jos\u00e9<br \/>\nISBN: 978-85-89202-15-2<br \/>\nAno de edi\u00e7\u00e3o: 2012 ( Primeira edi\u00e7\u00e3o)<br \/>\nEditor: Vivaluz Editora Esp\u00edrita Ltda, Atibaia, Brasil<br \/>\nIdioma: Portugu\u00eas<br \/>\nDimens\u00f5es: 14 x 1.8 x 21 cm<br \/>\nEncaderna\u00e7\u00e3o: Capa mole<br \/>\nP\u00e1ginas: 272<\/p>\n","protected":false},"excerpt":{"rendered":"<p>ABISMO: LUZ QUE DISSIPA AS TREVAS Sandra Carneiro pelo esp\u00edrito Bento Jos\u00e9 ISBN: 978-85-89202-15-2 Ano de edi\u00e7\u00e3o: 2012 ( Primeira edi\u00e7\u00e3o) Editor: Vivaluz Editora Esp\u00edrita Ltda, Atibaia, Brasil Idioma: Portugu\u00eas Dimens\u00f5es: 14 x 1.8 x 21 cm Encaderna\u00e7\u00e3o: Capa mole P\u00e1ginas: 272<\/p>\n","protected":false},"featured_media":1309,"comment_status":"open","ping_status":"closed","template":"","meta":{"om_disable_all_campaigns":false,"_monsterinsights_skip_tracking":false,"_monsterinsights_sitenote_active":false,"_monsterinsights_sitenote_note":"","_monsterinsights_sitenote_category":0,"_uf_show_specific_survey":0,"_uf_disable_surveys":false},"product_cat":[33,25],"product_tag":[],"aioseo_notices":[],"jetpack_sharing_enabled":true,"_links":{"self":[{"href":"https:\/\/casadolivreiro.pt\/index.php\/wp-json\/wp\/v2\/product\/1308"}],"collection":[{"href":"https:\/\/casadolivreiro.pt\/index.php\/wp-json\/wp\/v2\/product"}],"about":[{"href":"https:\/\/casadolivreiro.pt\/index.php\/wp-json\/wp\/v2\/types\/product"}],"replies":[{"embeddable":true,"href":"https:\/\/casadolivreiro.pt\/index.php\/wp-json\/wp\/v2\/comments?post=1308"}],"wp:featuredmedia":[{"embeddable":true,"href":"https:\/\/casadolivreiro.pt\/index.php\/wp-json\/wp\/v2\/media\/1309"}],"wp:attachment":[{"href":"https:\/\/casadolivreiro.pt\/index.php\/wp-json\/wp\/v2\/media?parent=1308"}],"wp:term":[{"taxonomy":"product_cat","embeddable":true,"href":"https:\/\/casadolivreiro.pt\/index.php\/wp-json\/wp\/v2\/product_cat?post=1308"},{"taxonomy":"product_tag","embeddable":true,"href":"https:\/\/casadolivreiro.pt\/index.php\/wp-json\/wp\/v2\/product_tag?post=1308"}],"curies":[{"name":"wp","href":"https:\/\/api.w.org\/{rel}","templated":true}]}}