{"id":1306,"date":"2024-03-26T14:44:03","date_gmt":"2024-03-26T14:44:03","guid":{"rendered":"https:\/\/casadolivreiro.pt\/?post_type=product&#038;p=1306"},"modified":"2024-03-26T14:44:03","modified_gmt":"2024-03-26T14:44:03","slug":"percegonho-ceu-azul-do-sol-poente-guido-guerra","status":"publish","type":"product","link":"https:\/\/casadolivreiro.pt\/index.php\/product\/percegonho-ceu-azul-do-sol-poente-guido-guerra\/","title":{"rendered":"PERCEGONHO: C\u00c9U AZUL DO SOL POENTE &#8211; Guido Guerra"},"content":{"rendered":"<p>PERCEGONHO: C\u00c9U AZUL DO SOL POENTE<br \/>\nGuido Guerra<br \/>\nColec\u00e7\u00e3o VERA CRUZ, Volume 233<br \/>\nAno de edi\u00e7\u00e3o: 1976<br \/>\nEditor: Editora Civiliza\u00e7\u00e3o Brasileira S.A., Rio de Janeiro<br \/>\nIdioma: Portugu\u00eas<br \/>\nDimens\u00f5es: 14 x 1 x 21 cm<br \/>\nEncaderna\u00e7\u00e3o: Capa mole<br \/>\nP\u00e1ginas: 147<\/p>\n","protected":false},"excerpt":{"rendered":"<p>PERCEGONHO: C\u00c9U AZUL DO SOL POENTE Guido Guerra Colec\u00e7\u00e3o VERA CRUZ, Volume 233 Ano de edi\u00e7\u00e3o: 1976 Editor: Editora Civiliza\u00e7\u00e3o Brasileira S.A., Rio de Janeiro Idioma: Portugu\u00eas Dimens\u00f5es: 14 x 1 x 21 cm Encaderna\u00e7\u00e3o: Capa mole P\u00e1ginas: 147<\/p>\n","protected":false},"featured_media":1307,"comment_status":"open","ping_status":"closed","template":"","meta":{"om_disable_all_campaigns":false,"_monsterinsights_skip_tracking":false,"_monsterinsights_sitenote_active":false,"_monsterinsights_sitenote_note":"","_monsterinsights_sitenote_category":0,"_uf_show_specific_survey":0,"_uf_disable_surveys":false},"product_cat":[25],"product_tag":[],"aioseo_notices":[],"jetpack_sharing_enabled":true,"_links":{"self":[{"href":"https:\/\/casadolivreiro.pt\/index.php\/wp-json\/wp\/v2\/product\/1306"}],"collection":[{"href":"https:\/\/casadolivreiro.pt\/index.php\/wp-json\/wp\/v2\/product"}],"about":[{"href":"https:\/\/casadolivreiro.pt\/index.php\/wp-json\/wp\/v2\/types\/product"}],"replies":[{"embeddable":true,"href":"https:\/\/casadolivreiro.pt\/index.php\/wp-json\/wp\/v2\/comments?post=1306"}],"wp:featuredmedia":[{"embeddable":true,"href":"https:\/\/casadolivreiro.pt\/index.php\/wp-json\/wp\/v2\/media\/1307"}],"wp:attachment":[{"href":"https:\/\/casadolivreiro.pt\/index.php\/wp-json\/wp\/v2\/media?parent=1306"}],"wp:term":[{"taxonomy":"product_cat","embeddable":true,"href":"https:\/\/casadolivreiro.pt\/index.php\/wp-json\/wp\/v2\/product_cat?post=1306"},{"taxonomy":"product_tag","embeddable":true,"href":"https:\/\/casadolivreiro.pt\/index.php\/wp-json\/wp\/v2\/product_tag?post=1306"}],"curies":[{"name":"wp","href":"https:\/\/api.w.org\/{rel}","templated":true}]}}