{"id":1304,"date":"2024-03-26T14:14:05","date_gmt":"2024-03-26T14:14:05","guid":{"rendered":"https:\/\/casadolivreiro.pt\/?post_type=product&#038;p=1304"},"modified":"2024-03-26T14:14:05","modified_gmt":"2024-03-26T14:14:05","slug":"fantarelo-a-realidade-do-autor-j-fernando-marques","status":"publish","type":"product","link":"https:\/\/casadolivreiro.pt\/index.php\/product\/fantarelo-a-realidade-do-autor-j-fernando-marques\/","title":{"rendered":"FANTARELO: A REALIDADE DO AUTOR &#8211; J. Fernando Marques"},"content":{"rendered":"<p>FANTARELO: A REALIDADE DO AUTOR<br \/>\nJ. Fernando Marques<br \/>\nAno de edi\u00e7\u00e3o: 1980\u00a0 ( Primeira edi\u00e7\u00e3o)<br \/>\nEditor: Ana\u0301lise Editora<br \/>\nIdioma: Portugu\u00eas<br \/>\nDimens\u00f5es: 14 x 2 x 20.5 cm<br \/>\nEncaderna\u00e7\u00e3o: Capa mole<br \/>\nP\u00e1ginas: 324<\/p>\n","protected":false},"excerpt":{"rendered":"<p>FANTARELO: A REALIDADE DO AUTOR J. Fernando Marques Ano de edi\u00e7\u00e3o: 1980\u00a0 ( Primeira edi\u00e7\u00e3o) Editor: Ana\u0301lise Editora Idioma: Portugu\u00eas Dimens\u00f5es: 14 x 2 x 20.5 cm Encaderna\u00e7\u00e3o: Capa mole P\u00e1ginas: 324<\/p>\n","protected":false},"featured_media":1305,"comment_status":"open","ping_status":"closed","template":"","meta":{"om_disable_all_campaigns":false,"_monsterinsights_skip_tracking":false,"_monsterinsights_sitenote_active":false,"_monsterinsights_sitenote_note":"","_monsterinsights_sitenote_category":0,"_uf_show_specific_survey":0,"_uf_disable_surveys":false},"product_cat":[25],"product_tag":[],"aioseo_notices":[],"jetpack_sharing_enabled":true,"_links":{"self":[{"href":"https:\/\/casadolivreiro.pt\/index.php\/wp-json\/wp\/v2\/product\/1304"}],"collection":[{"href":"https:\/\/casadolivreiro.pt\/index.php\/wp-json\/wp\/v2\/product"}],"about":[{"href":"https:\/\/casadolivreiro.pt\/index.php\/wp-json\/wp\/v2\/types\/product"}],"replies":[{"embeddable":true,"href":"https:\/\/casadolivreiro.pt\/index.php\/wp-json\/wp\/v2\/comments?post=1304"}],"wp:featuredmedia":[{"embeddable":true,"href":"https:\/\/casadolivreiro.pt\/index.php\/wp-json\/wp\/v2\/media\/1305"}],"wp:attachment":[{"href":"https:\/\/casadolivreiro.pt\/index.php\/wp-json\/wp\/v2\/media?parent=1304"}],"wp:term":[{"taxonomy":"product_cat","embeddable":true,"href":"https:\/\/casadolivreiro.pt\/index.php\/wp-json\/wp\/v2\/product_cat?post=1304"},{"taxonomy":"product_tag","embeddable":true,"href":"https:\/\/casadolivreiro.pt\/index.php\/wp-json\/wp\/v2\/product_tag?post=1304"}],"curies":[{"name":"wp","href":"https:\/\/api.w.org\/{rel}","templated":true}]}}