{"id":1301,"date":"2024-03-26T13:19:49","date_gmt":"2024-03-26T13:19:49","guid":{"rendered":"https:\/\/casadolivreiro.pt\/?post_type=product&#038;p=1301"},"modified":"2024-03-26T13:19:49","modified_gmt":"2024-03-26T13:19:49","slug":"o-homem-que-sabia-a-mar-armando-silva-carvalho","status":"publish","type":"product","link":"https:\/\/casadolivreiro.pt\/index.php\/product\/o-homem-que-sabia-a-mar-armando-silva-carvalho\/","title":{"rendered":"O HOMEM QUE SABIA A MAR &#8211; Armando Silva Carvalho"},"content":{"rendered":"<p>O HOMEM QUE SABIA A MAR<br \/>\nArmando Silva Carvalho<br \/>\nISBN: 972-20-1957-0<br \/>\nAno de edi\u00e7\u00e3o: 2001\u00a0 ( Primeira edi\u00e7\u00e3o)<br \/>\nEditor: Publica\u00e7\u00f5es Dom Quixote Lda. Lisboa<br \/>\nIdioma: Portugu\u00eas<br \/>\nDimens\u00f5es: 13.5 x 1.6 x 21 cm<br \/>\nEncaderna\u00e7\u00e3o: Capa mole<br \/>\nP\u00e1ginas: 238<\/p>\n<p>&nbsp;<\/p>\n<p>Na Casa-Cor-de-Rosa vivem Silvestre, &#8220;o homem que sabia a mar&#8221; e os seus filhos, Rebeca e o pintor Libelinha, adoptado. Silvestre \u00e9 vi\u00favo de Maria do C\u00e9u, que o mar levou (o mar que lhe trouxera a ele primeiro o neg\u00f3cio das traineiras, depois o das conservas); mas Silvestre continua a amar a mulher morta, que traz na cabe\u00e7a, e por isso a sua alma sabe a sal.<\/p>\n<p>Este novo romance de Armando Silva Carvalho, de um realismo m\u00e1gico e ritmo cinematogr\u00e1fico vertiginoso, \u00e9 uma esp\u00e9cie de jogo, ou puzzle, onde desfilam os mais variados personagens, inconformados com esta \u00e9poca em que vivemos, e que parece n\u00e3o ter cura. Primeiro estranha-se e depois entranha-se.<\/p>\n<p>&#8220;Armando Silva Carvalho sabe que o mundo n\u00e3o tem cura, talvez por isso use de um certo hiper-realismo m\u00e1gico na condu\u00e7\u00e3o do romance deste mundo e do outro. N\u00e3o ser\u00e1 este, afinal, o centro do texto esbo\u00e7ado na solidez da escrita entre o sublime e o grotesco no desenvolvimento c\u00edclico da exist\u00eancia, na qual nada se distingue a n\u00e3o ser o provis\u00f3rio?&#8221;<\/p>\n<p>Ana Marques Gast\u00e3o, Di\u00e1rio de Not\u00edcias<\/p>\n","protected":false},"excerpt":{"rendered":"<p>O HOMEM QUE SABIA A MAR Armando Silva Carvalho ISBN: 972-20-1957-0 Ano de edi\u00e7\u00e3o: 2001\u00a0 ( Primeira edi\u00e7\u00e3o) Editor: Publica\u00e7\u00f5es Dom Quixote Lda. Lisboa Idioma: Portugu\u00eas Dimens\u00f5es: 13.5 x 1.6 x 21 cm Encaderna\u00e7\u00e3o: Capa mole P\u00e1ginas: 238 &nbsp; Na Casa-Cor-de-Rosa vivem Silvestre, &#8220;o homem que sabia a mar&#8221; e os seus filhos, Rebeca e [&hellip;]<\/p>\n","protected":false},"featured_media":1303,"comment_status":"open","ping_status":"closed","template":"","meta":{"om_disable_all_campaigns":false,"_monsterinsights_skip_tracking":false,"_monsterinsights_sitenote_active":false,"_monsterinsights_sitenote_note":"","_monsterinsights_sitenote_category":0,"_uf_show_specific_survey":0,"_uf_disable_surveys":false},"product_cat":[25,61],"product_tag":[],"aioseo_notices":[],"jetpack_sharing_enabled":true,"_links":{"self":[{"href":"https:\/\/casadolivreiro.pt\/index.php\/wp-json\/wp\/v2\/product\/1301"}],"collection":[{"href":"https:\/\/casadolivreiro.pt\/index.php\/wp-json\/wp\/v2\/product"}],"about":[{"href":"https:\/\/casadolivreiro.pt\/index.php\/wp-json\/wp\/v2\/types\/product"}],"replies":[{"embeddable":true,"href":"https:\/\/casadolivreiro.pt\/index.php\/wp-json\/wp\/v2\/comments?post=1301"}],"wp:featuredmedia":[{"embeddable":true,"href":"https:\/\/casadolivreiro.pt\/index.php\/wp-json\/wp\/v2\/media\/1303"}],"wp:attachment":[{"href":"https:\/\/casadolivreiro.pt\/index.php\/wp-json\/wp\/v2\/media?parent=1301"}],"wp:term":[{"taxonomy":"product_cat","embeddable":true,"href":"https:\/\/casadolivreiro.pt\/index.php\/wp-json\/wp\/v2\/product_cat?post=1301"},{"taxonomy":"product_tag","embeddable":true,"href":"https:\/\/casadolivreiro.pt\/index.php\/wp-json\/wp\/v2\/product_tag?post=1301"}],"curies":[{"name":"wp","href":"https:\/\/api.w.org\/{rel}","templated":true}]}}