{"id":1299,"date":"2024-03-26T13:16:18","date_gmt":"2024-03-26T13:16:18","guid":{"rendered":"https:\/\/casadolivreiro.pt\/?post_type=product&#038;p=1299"},"modified":"2024-03-26T13:16:18","modified_gmt":"2024-03-26T13:16:18","slug":"avenida-paulista-joao-pereira-coutinho","status":"publish","type":"product","link":"https:\/\/casadolivreiro.pt\/index.php\/product\/avenida-paulista-joao-pereira-coutinho\/","title":{"rendered":"AVENIDA PAULISTA &#8211; Jo\u00e3o Pereira Coutinho"},"content":{"rendered":"<p>AVENIDA PAULISTA<br \/>\nJo\u00e3o Pereira Coutinho<br \/>\nISBN: 978-989-552-272-9<br \/>\nAno de edi\u00e7\u00e3o: 2007\u00a0 ( Primeira edi\u00e7\u00e3o)<br \/>\nEditor: Quasi Edi\u00e7\u00f5es, Vila Nova de Famali\u00e7\u00e3o<br \/>\nIdioma: Portugu\u00eas<br \/>\nDimens\u00f5es: 13.5 x 1.2 x 20.5 cm<br \/>\nEncaderna\u00e7\u00e3o: Capa mole<br \/>\nP\u00e1ginas: 153<\/p>\n","protected":false},"excerpt":{"rendered":"<p>AVENIDA PAULISTA Jo\u00e3o Pereira Coutinho ISBN: 978-989-552-272-9 Ano de edi\u00e7\u00e3o: 2007\u00a0 ( Primeira edi\u00e7\u00e3o) Editor: Quasi Edi\u00e7\u00f5es, Vila Nova de Famali\u00e7\u00e3o Idioma: Portugu\u00eas Dimens\u00f5es: 13.5 x 1.2 x 20.5 cm Encaderna\u00e7\u00e3o: Capa mole P\u00e1ginas: 153<\/p>\n","protected":false},"featured_media":1300,"comment_status":"open","ping_status":"closed","template":"","meta":{"om_disable_all_campaigns":false,"_monsterinsights_skip_tracking":false,"_monsterinsights_sitenote_active":false,"_monsterinsights_sitenote_note":"","_monsterinsights_sitenote_category":0,"_uf_show_specific_survey":0,"_uf_disable_surveys":false},"product_cat":[25],"product_tag":[],"aioseo_notices":[],"jetpack_sharing_enabled":true,"_links":{"self":[{"href":"https:\/\/casadolivreiro.pt\/index.php\/wp-json\/wp\/v2\/product\/1299"}],"collection":[{"href":"https:\/\/casadolivreiro.pt\/index.php\/wp-json\/wp\/v2\/product"}],"about":[{"href":"https:\/\/casadolivreiro.pt\/index.php\/wp-json\/wp\/v2\/types\/product"}],"replies":[{"embeddable":true,"href":"https:\/\/casadolivreiro.pt\/index.php\/wp-json\/wp\/v2\/comments?post=1299"}],"wp:featuredmedia":[{"embeddable":true,"href":"https:\/\/casadolivreiro.pt\/index.php\/wp-json\/wp\/v2\/media\/1300"}],"wp:attachment":[{"href":"https:\/\/casadolivreiro.pt\/index.php\/wp-json\/wp\/v2\/media?parent=1299"}],"wp:term":[{"taxonomy":"product_cat","embeddable":true,"href":"https:\/\/casadolivreiro.pt\/index.php\/wp-json\/wp\/v2\/product_cat?post=1299"},{"taxonomy":"product_tag","embeddable":true,"href":"https:\/\/casadolivreiro.pt\/index.php\/wp-json\/wp\/v2\/product_tag?post=1299"}],"curies":[{"name":"wp","href":"https:\/\/api.w.org\/{rel}","templated":true}]}}