{"id":128,"date":"2024-03-02T19:54:53","date_gmt":"2024-03-02T19:54:53","guid":{"rendered":"https:\/\/casadolivreiro.pt\/?post_type=product&#038;p=128"},"modified":"2024-03-02T19:56:07","modified_gmt":"2024-03-02T19:56:07","slug":"portugal-no-mundo-3-vols","status":"publish","type":"product","link":"https:\/\/casadolivreiro.pt\/index.php\/product\/portugal-no-mundo-3-vols\/","title":{"rendered":"PORTUGAL NO MUNDO  ( 3 VOLS.)"},"content":{"rendered":"<p>Lu\u00eds de Albuquerque<\/p>\n<p>Publica\u00e7\u00f5es Alfa. Lisboa. 1989.\u00a0\u00a0 HISTORY<br \/>\n3 Volumes de 30&#215;24 cm.<br \/>\nCom 654; 656; 664 p\u00e1gs.<br \/>\nEncaderna\u00e7\u00f5es do editor inteiras de percalina.<br \/>\nIlustrado com gravuras, mapas e fotografias a cores.<\/p>\n<p>Exemplares com marca de tinta branca no p\u00e9 da lombada de cada volume. Vol.1 tem marcas de pingos de tinta no corte das folhas \u00e0 cabe\u00e7a.<\/p>\n<p>Volume I cont\u00e9m os seguintes t\u00f3picos: Povoamento e coloniza\u00e7\u00e3o do Reino de Portugal; In\u00edcio dos descobrimentos mar\u00edtimos portugueses; O avan\u00e7o no Atl\u00e2ntico; As zonas de influ\u00eancia do Ocidente; Origem e desenvolvimento da coloniza\u00e7\u00e3o. Volume II cont\u00e9m os seguintes t\u00f3picos: O descobrimento da rota do Cabo e as suas consequ\u00eancias; O descobrimento do Brasil e suas consequ\u00eancias; Consequ\u00eancias culturais dos Descobrimentos; Os Portugueses no Oriente; O com\u00e9rcio nas col\u00f3nias portuguesas. Volume III cont\u00e9m os seguintes t\u00f3picos: A decad\u00eancia do Imp\u00e9rio Portugu\u00eas; A recupera\u00e7\u00e3o poss\u00edvel; O imperialismo portugu\u00eas no Brasil nos s\u00e9culos XVIII-XIX; Tentativas para uma ocupa\u00e7\u00e3o efectiva em \u00c1frica no s\u00e9culo XIX; A Europa e a \u00c1frica na segunda metade do s\u00e9culo XIX; O colonialismo portugu\u00eas na primeira metade do s\u00e9culo XX.<\/p>\n","protected":false},"excerpt":{"rendered":"<p>Lu\u00eds de Albuquerque Publica\u00e7\u00f5es Alfa. Lisboa. 1989.\u00a0\u00a0 HISTORY 3 Volumes de 30&#215;24 cm. Com 654; 656; 664 p\u00e1gs. Encaderna\u00e7\u00f5es do editor inteiras de percalina. Ilustrado com gravuras, mapas e fotografias a cores. Exemplares com marca de tinta branca no p\u00e9 da lombada de cada volume. Vol.1 tem marcas de pingos de tinta no corte das [&hellip;]<\/p>\n","protected":false},"featured_media":129,"comment_status":"open","ping_status":"closed","template":"","meta":{"om_disable_all_campaigns":false,"_monsterinsights_skip_tracking":false,"_monsterinsights_sitenote_active":false,"_monsterinsights_sitenote_note":"","_monsterinsights_sitenote_category":0,"_uf_show_specific_survey":0,"_uf_disable_surveys":false},"product_cat":[30,62,63],"product_tag":[],"aioseo_notices":[],"jetpack_sharing_enabled":true,"_links":{"self":[{"href":"https:\/\/casadolivreiro.pt\/index.php\/wp-json\/wp\/v2\/product\/128"}],"collection":[{"href":"https:\/\/casadolivreiro.pt\/index.php\/wp-json\/wp\/v2\/product"}],"about":[{"href":"https:\/\/casadolivreiro.pt\/index.php\/wp-json\/wp\/v2\/types\/product"}],"replies":[{"embeddable":true,"href":"https:\/\/casadolivreiro.pt\/index.php\/wp-json\/wp\/v2\/comments?post=128"}],"wp:featuredmedia":[{"embeddable":true,"href":"https:\/\/casadolivreiro.pt\/index.php\/wp-json\/wp\/v2\/media\/129"}],"wp:attachment":[{"href":"https:\/\/casadolivreiro.pt\/index.php\/wp-json\/wp\/v2\/media?parent=128"}],"wp:term":[{"taxonomy":"product_cat","embeddable":true,"href":"https:\/\/casadolivreiro.pt\/index.php\/wp-json\/wp\/v2\/product_cat?post=128"},{"taxonomy":"product_tag","embeddable":true,"href":"https:\/\/casadolivreiro.pt\/index.php\/wp-json\/wp\/v2\/product_tag?post=128"}],"curies":[{"name":"wp","href":"https:\/\/api.w.org\/{rel}","templated":true}]}}